{"id":576,"date":"2021-07-06T21:44:09","date_gmt":"2021-07-06T20:44:09","guid":{"rendered":"https:\/\/yourvoice.com.pt\/webNewYV\/?page_id=576"},"modified":"2021-09-28T17:19:42","modified_gmt":"2021-09-28T16:19:42","slug":"bpo-e-outsourcing","status":"publish","type":"page","link":"https:\/\/yourvoice.com.pt\/pt-pt\/servicos\/bpo-e-outsourcing\/","title":{"rendered":"BPO e Outsourcing"},"content":{"rendered":"\t\t<div data-elementor-type=\"wp-page\" data-elementor-id=\"576\" class=\"elementor elementor-576\" data-elementor-settings=\"[]\">\n\t\t\t\t\t\t\t<div class=\"elementor-section-wrap\">\n\t\t\t\t\t\t\t<section class=\"elementor-section elementor-top-section elementor-element elementor-element-a10354a elementor-section-full_width elementor-section-height-min-height elementor-section-content-bottom elementor-section-height-default elementor-section-items-middle\" data-id=\"a10354a\" data-element_type=\"section\" data-settings=\"{&quot;background_background&quot;:&quot;classic&quot;}\">\n\t\t\t\t\t\t<div class=\"elementor-container elementor-column-gap-default\">\n\t\t\t\t\t<div class=\"elementor-column elementor-col-100 elementor-top-column elementor-element elementor-element-47826d0\" data-id=\"47826d0\" data-element_type=\"column\">\n\t\t\t<div class=\"elementor-widget-wrap elementor-element-populated\">\n\t\t\t\t\t\t\t\t<section class=\"elementor-section elementor-inner-section elementor-element elementor-element-42827d8 elementor-section-boxed elementor-section-height-default elementor-section-height-default\" data-id=\"42827d8\" data-element_type=\"section\">\n\t\t\t\t\t\t<div class=\"elementor-container elementor-column-gap-default\">\n\t\t\t\t\t<div class=\"elementor-column elementor-col-50 elementor-inner-column elementor-element elementor-element-6e24849\" data-id=\"6e24849\" data-element_type=\"column\">\n\t\t\t<div class=\"elementor-widget-wrap elementor-element-populated\">\n\t\t\t\t\t\t\t\t<div class=\"elementor-element elementor-element-890bc95 elementor-widget elementor-widget-heading\" data-id=\"890bc95\" data-element_type=\"widget\" data-widget_type=\"heading.default\">\n\t\t\t\t<div class=\"elementor-widget-container\">\n\t\t\t<h1 class=\"elementor-heading-title elementor-size-default\">BPO e Outsourcing<\/h1>\t\t<\/div>\n\t\t\t\t<\/div>\n\t\t\t\t<div class=\"elementor-element elementor-element-c2a2515 elementor-widget elementor-widget-text-editor\" data-id=\"c2a2515\" data-element_type=\"widget\" data-widget_type=\"text-editor.default\">\n\t\t\t\t<div class=\"elementor-widget-container\">\n\t\t\t\t\t\t\t\tTemos as solu\u00e7\u00f5es certas para tornarmos a sua empresa mais competitiva e eficiente.\t\t\t\t\t\t<\/div>\n\t\t\t\t<\/div>\n\t\t\t\t\t<\/div>\n\t\t<\/div>\n\t\t\t\t<div class=\"elementor-column elementor-col-50 elementor-inner-column elementor-element elementor-element-9187cc0\" data-id=\"9187cc0\" data-element_type=\"column\">\n\t\t\t<div class=\"elementor-widget-wrap\">\n\t\t\t\t\t\t\t\t\t<\/div>\n\t\t<\/div>\n\t\t\t\t\t\t\t<\/div>\n\t\t<\/section>\n\t\t\t\t\t<\/div>\n\t\t<\/div>\n\t\t\t\t\t\t\t<\/div>\n\t\t<\/section>\n\t\t\t\t<section class=\"elementor-section elementor-top-section elementor-element elementor-element-b5f331f elementor-section-height-min-height elementor-section-boxed elementor-section-height-default elementor-section-items-middle\" data-id=\"b5f331f\" data-element_type=\"section\">\n\t\t\t\t\t\t<div class=\"elementor-container elementor-column-gap-default\">\n\t\t\t\t\t<div class=\"elementor-column elementor-col-100 elementor-top-column elementor-element elementor-element-ab776ef\" data-id=\"ab776ef\" data-element_type=\"column\">\n\t\t\t<div class=\"elementor-widget-wrap elementor-element-populated\">\n\t\t\t\t\t\t\t\t<section class=\"elementor-section elementor-inner-section elementor-element elementor-element-fdb3aff elementor-section-boxed elementor-section-height-default elementor-section-height-default\" data-id=\"fdb3aff\" data-element_type=\"section\">\n\t\t\t\t\t\t<div class=\"elementor-container elementor-column-gap-default\">\n\t\t\t\t\t<div class=\"elementor-column elementor-col-50 elementor-inner-column elementor-element elementor-element-cd2aca9\" data-id=\"cd2aca9\" data-element_type=\"column\">\n\t\t\t<div class=\"elementor-widget-wrap elementor-element-populated\">\n\t\t\t\t\t\t\t\t<div class=\"elementor-element elementor-element-d139734 elementor-widget__width-auto elementor-absolute elementor-widget elementor-widget-image\" data-id=\"d139734\" data-element_type=\"widget\" data-settings=\"{&quot;motion_fx_motion_fx_scrolling&quot;:&quot;yes&quot;,&quot;motion_fx_translateY_effect&quot;:&quot;yes&quot;,&quot;motion_fx_translateY_speed&quot;:{&quot;unit&quot;:&quot;px&quot;,&quot;size&quot;:3,&quot;sizes&quot;:[]},&quot;_position&quot;:&quot;absolute&quot;,&quot;motion_fx_translateY_affectedRange&quot;:{&quot;unit&quot;:&quot;%&quot;,&quot;size&quot;:&quot;&quot;,&quot;sizes&quot;:{&quot;start&quot;:20,&quot;end&quot;:80}},&quot;motion_fx_devices&quot;:[&quot;desktop&quot;,&quot;tablet&quot;,&quot;mobile&quot;]}\" data-widget_type=\"image.default\">\n\t\t\t\t<div class=\"elementor-widget-container\">\n\t\t\t\t\t\t\t\t\t\t\t\t\t\t\t<img src=\"https:\/\/yourvoice.com.pt\/wp-content\/uploads\/2021\/07\/il-servicos-outsourcing.png\" title=\"il-servicos-outsourcing\" alt=\"il-servicos-outsourcing\" \/>\t\t\t\t\t\t\t\t\t\t\t\t\t\t\t<\/div>\n\t\t\t\t<\/div>\n\t\t\t\t<div class=\"elementor-element elementor-element-56c2b70 elementor-widget__width-auto elementor-absolute elementor-widget elementor-widget-image\" data-id=\"56c2b70\" data-element_type=\"widget\" data-settings=\"{&quot;motion_fx_motion_fx_scrolling&quot;:&quot;yes&quot;,&quot;motion_fx_translateY_effect&quot;:&quot;yes&quot;,&quot;motion_fx_translateY_speed&quot;:{&quot;unit&quot;:&quot;px&quot;,&quot;size&quot;:3,&quot;sizes&quot;:[]},&quot;motion_fx_range&quot;:&quot;page&quot;,&quot;_position&quot;:&quot;absolute&quot;,&quot;motion_fx_translateY_affectedRange&quot;:{&quot;unit&quot;:&quot;%&quot;,&quot;size&quot;:&quot;&quot;,&quot;sizes&quot;:{&quot;start&quot;:19,&quot;end&quot;:80}},&quot;motion_fx_devices&quot;:[&quot;desktop&quot;,&quot;tablet&quot;,&quot;mobile&quot;]}\" data-widget_type=\"image.default\">\n\t\t\t\t<div class=\"elementor-widget-container\">\n\t\t\t\t\t\t\t\t\t\t\t\t\t\t\t<img src=\"https:\/\/yourvoice.com.pt\/wp-content\/uploads\/2021\/07\/square-light-1.png\" title=\"square-light\" alt=\"square-light\" \/>\t\t\t\t\t\t\t\t\t\t\t\t\t\t\t<\/div>\n\t\t\t\t<\/div>\n\t\t\t\t<div class=\"elementor-element elementor-element-a5824d6 elementor-widget__width-auto elementor-absolute elementor-widget elementor-widget-image\" data-id=\"a5824d6\" data-element_type=\"widget\" data-settings=\"{&quot;motion_fx_motion_fx_scrolling&quot;:&quot;yes&quot;,&quot;motion_fx_translateY_effect&quot;:&quot;yes&quot;,&quot;motion_fx_translateY_speed&quot;:{&quot;unit&quot;:&quot;px&quot;,&quot;size&quot;:3,&quot;sizes&quot;:[]},&quot;_position&quot;:&quot;absolute&quot;,&quot;motion_fx_translateY_affectedRange&quot;:{&quot;unit&quot;:&quot;%&quot;,&quot;size&quot;:&quot;&quot;,&quot;sizes&quot;:{&quot;start&quot;:20,&quot;end&quot;:82}},&quot;motion_fx_devices&quot;:[&quot;desktop&quot;,&quot;tablet&quot;,&quot;mobile&quot;]}\" data-widget_type=\"image.default\">\n\t\t\t\t<div class=\"elementor-widget-container\">\n\t\t\t\t\t\t\t\t\t\t\t\t\t\t\t<img src=\"https:\/\/yourvoice.com.pt\/wp-content\/uploads\/2021\/07\/square-normal.png\" title=\"square-normal\" alt=\"square-normal\" \/>\t\t\t\t\t\t\t\t\t\t\t\t\t\t\t<\/div>\n\t\t\t\t<\/div>\n\t\t\t\t\t<\/div>\n\t\t<\/div>\n\t\t\t\t<div class=\"elementor-column elementor-col-50 elementor-inner-column elementor-element elementor-element-d3f377e\" data-id=\"d3f377e\" data-element_type=\"column\">\n\t\t\t<div class=\"elementor-widget-wrap elementor-element-populated\">\n\t\t\t\t\t\t\t\t<div class=\"elementor-element elementor-element-e4f7ae2 elementor-widget elementor-widget-heading\" data-id=\"e4f7ae2\" data-element_type=\"widget\" data-widget_type=\"heading.default\">\n\t\t\t\t<div class=\"elementor-widget-container\">\n\t\t\t<h3 class=\"elementor-heading-title elementor-size-default\">O que fazemos?<\/h3>\t\t<\/div>\n\t\t\t\t<\/div>\n\t\t\t\t<div class=\"elementor-element elementor-element-18694bb elementor-widget elementor-widget-text-editor\" data-id=\"18694bb\" data-element_type=\"widget\" data-widget_type=\"text-editor.default\">\n\t\t\t\t<div class=\"elementor-widget-container\">\n\t\t\t\t\t\t\t\t<p>Maximizamos oportunidades de neg\u00f3cio e reduzimos custos operacionais. Na YOURVOICE prestamos um servi\u00e7o end-to-end, com foco nos SLAs, KPIs, Qualidade e melhoria cont\u00ednua.<\/p>\t\t\t\t\t\t<\/div>\n\t\t\t\t<\/div>\n\t\t\t\t\t<\/div>\n\t\t<\/div>\n\t\t\t\t\t\t\t<\/div>\n\t\t<\/section>\n\t\t\t\t\t<\/div>\n\t\t<\/div>\n\t\t\t\t\t\t\t<\/div>\n\t\t<\/section>\n\t\t\t\t<section class=\"elementor-section elementor-top-section elementor-element elementor-element-23d7644 elementor-section-boxed elementor-section-height-default elementor-section-height-default\" data-id=\"23d7644\" data-element_type=\"section\" data-settings=\"{&quot;background_background&quot;:&quot;classic&quot;}\">\n\t\t\t\t\t\t<div class=\"elementor-container elementor-column-gap-default\">\n\t\t\t\t\t<div class=\"elementor-column elementor-col-100 elementor-top-column elementor-element elementor-element-27d21dd\" data-id=\"27d21dd\" data-element_type=\"column\">\n\t\t\t<div class=\"elementor-widget-wrap elementor-element-populated\">\n\t\t\t\t\t\t\t\t<section class=\"elementor-section elementor-inner-section elementor-element elementor-element-651107f elementor-section-boxed elementor-section-height-default elementor-section-height-default\" data-id=\"651107f\" data-element_type=\"section\">\n\t\t\t\t\t\t<div class=\"elementor-container elementor-column-gap-default\">\n\t\t\t\t\t<div class=\"elementor-column elementor-col-100 elementor-inner-column elementor-element elementor-element-2fdafcb\" data-id=\"2fdafcb\" data-element_type=\"column\">\n\t\t\t<div class=\"elementor-widget-wrap elementor-element-populated\">\n\t\t\t\t\t\t\t\t<div class=\"elementor-element elementor-element-cb073d9 elementor-widget elementor-widget-heading\" data-id=\"cb073d9\" data-element_type=\"widget\" data-widget_type=\"heading.default\">\n\t\t\t\t<div class=\"elementor-widget-container\">\n\t\t\t<h3 class=\"elementor-heading-title elementor-size-default\">As nossas solu\u00e7\u00f5es<\/h3>\t\t<\/div>\n\t\t\t\t<\/div>\n\t\t\t\t<div class=\"elementor-element elementor-element-3562392 elementor-widget elementor-widget-text-editor\" data-id=\"3562392\" data-element_type=\"widget\" data-widget_type=\"text-editor.default\">\n\t\t\t\t<div class=\"elementor-widget-container\">\n\t\t\t\t\t\t\t\tCom um conhecimento profundo na \u00e1rea de contact center, garantimos para a sua empresa maior flexibilidade e capacidade de adapta\u00e7\u00e3o \u00e0s mudan\u00e7as no mercado.\t\t\t\t\t\t<\/div>\n\t\t\t\t<\/div>\n\t\t\t\t\t<\/div>\n\t\t<\/div>\n\t\t\t\t\t\t\t<\/div>\n\t\t<\/section>\n\t\t\t\t<section class=\"elementor-section elementor-inner-section elementor-element elementor-element-3a9ad53 elementor-section-boxed elementor-section-height-default elementor-section-height-default\" data-id=\"3a9ad53\" data-element_type=\"section\">\n\t\t\t\t\t\t<div class=\"elementor-container elementor-column-gap-default\">\n\t\t\t\t\t<div class=\"elementor-column elementor-col-50 elementor-inner-column elementor-element elementor-element-f45df4d\" data-id=\"f45df4d\" data-element_type=\"column\">\n\t\t\t<div class=\"elementor-widget-wrap elementor-element-populated\">\n\t\t\t\t\t\t\t\t<div class=\"elementor-element elementor-element-deee772 elementor-widget elementor-widget-heading\" data-id=\"deee772\" data-element_type=\"widget\" data-widget_type=\"heading.default\">\n\t\t\t\t<div class=\"elementor-widget-container\">\n\t\t\t<h6 class=\"elementor-heading-title elementor-size-default\">Gest\u00e3o de Processos e Documentos<\/h6>\t\t<\/div>\n\t\t\t\t<\/div>\n\t\t\t\t<div class=\"elementor-element elementor-element-f51ec15 elementor-widget elementor-widget-heading\" data-id=\"f51ec15\" data-element_type=\"widget\" data-widget_type=\"heading.default\">\n\t\t\t\t<div class=\"elementor-widget-container\">\n\t\t\t<h6 class=\"elementor-heading-title elementor-size-default\">Contact Center<\/h6>\t\t<\/div>\n\t\t\t\t<\/div>\n\t\t\t\t\t<\/div>\n\t\t<\/div>\n\t\t\t\t<div class=\"elementor-column elementor-col-50 elementor-inner-column elementor-element elementor-element-710f916\" data-id=\"710f916\" data-element_type=\"column\">\n\t\t\t<div class=\"elementor-widget-wrap elementor-element-populated\">\n\t\t\t\t\t\t\t\t<div class=\"elementor-element elementor-element-3962a5b elementor-widget elementor-widget-heading\" data-id=\"3962a5b\" data-element_type=\"widget\" data-widget_type=\"heading.default\">\n\t\t\t\t<div class=\"elementor-widget-container\">\n\t\t\t<h6 class=\"elementor-heading-title elementor-size-default\">Equipas de Contact Center<\/h6>\t\t<\/div>\n\t\t\t\t<\/div>\n\t\t\t\t\t<\/div>\n\t\t<\/div>\n\t\t\t\t\t\t\t<\/div>\n\t\t<\/section>\n\t\t\t\t\t<\/div>\n\t\t<\/div>\n\t\t\t\t\t\t\t<\/div>\n\t\t<\/section>\n\t\t\t\t<section class=\"elementor-section elementor-top-section elementor-element elementor-element-a493178 elementor-section-boxed elementor-section-height-default elementor-section-height-default\" data-id=\"a493178\" data-element_type=\"section\" data-settings=\"{&quot;background_background&quot;:&quot;classic&quot;}\">\n\t\t\t\t\t\t<div class=\"elementor-container elementor-column-gap-default\">\n\t\t\t\t\t<div class=\"elementor-column elementor-col-100 elementor-top-column elementor-element elementor-element-b5895f5\" data-id=\"b5895f5\" data-element_type=\"column\">\n\t\t\t<div class=\"elementor-widget-wrap elementor-element-populated\">\n\t\t\t\t\t\t\t\t<section class=\"elementor-section elementor-inner-section elementor-element elementor-element-693ead2 elementor-section-boxed elementor-section-height-default elementor-section-height-default\" data-id=\"693ead2\" data-element_type=\"section\">\n\t\t\t\t\t\t<div class=\"elementor-container elementor-column-gap-default\">\n\t\t\t\t\t<div class=\"elementor-column elementor-col-100 elementor-inner-column elementor-element elementor-element-85e3392\" data-id=\"85e3392\" data-element_type=\"column\">\n\t\t\t<div class=\"elementor-widget-wrap elementor-element-populated\">\n\t\t\t\t\t\t\t\t<div class=\"elementor-element elementor-element-8aae6b5 elementor-widget elementor-widget-heading\" data-id=\"8aae6b5\" data-element_type=\"widget\" data-widget_type=\"heading.default\">\n\t\t\t\t<div class=\"elementor-widget-container\">\n\t\t\t<h2 class=\"elementor-heading-title elementor-size-default\">Comunique de forma mais r\u00e1pida, eficaz e profissional<\/h2>\t\t<\/div>\n\t\t\t\t<\/div>\n\t\t\t\t<div class=\"elementor-element elementor-element-6a3eb79 elementor-widget elementor-widget-text-editor\" data-id=\"6a3eb79\" data-element_type=\"widget\" data-widget_type=\"text-editor.default\">\n\t\t\t\t<div class=\"elementor-widget-container\">\n\t\t\t\t\t\t\t\tA comunica\u00e7\u00e3o \u00e9 fundamental para criar e manter uma rela\u00e7\u00e3o cont\u00ednua e fidelizada com clientes. Por isso, desenvolvemos solu\u00e7\u00f5es e ferramentas de gest\u00e3o de projetos de contact center \u00e0 medida da sua empresa para ajudar a estreitar a sua liga\u00e7\u00e3o com os seus clientes.\t\t\t\t\t\t<\/div>\n\t\t\t\t<\/div>\n\t\t\t\t<div class=\"elementor-element elementor-element-961d8a4 elementor-align-center elementor-widget elementor-widget-button\" data-id=\"961d8a4\" data-element_type=\"widget\" data-widget_type=\"button.default\">\n\t\t\t\t<div class=\"elementor-widget-container\">\n\t\t\t\t\t<div class=\"elementor-button-wrapper\">\n\t\t\t<a href=\"https:\/\/yourvoice.com.pt\/pt-pt\/contactos\/\" class=\"elementor-button-link elementor-button elementor-size-md\" role=\"button\">\n\t\t\t\t\t\t<span class=\"elementor-button-content-wrapper\">\n\t\t\t\t\t\t<span class=\"elementor-button-text\">Solicitar Proposta<\/span>\n\t\t<\/span>\n\t\t\t\t\t<\/a>\n\t\t<\/div>\n\t\t\t\t<\/div>\n\t\t\t\t<\/div>\n\t\t\t\t\t<\/div>\n\t\t<\/div>\n\t\t\t\t\t\t\t<\/div>\n\t\t<\/section>\n\t\t\t\t\t<\/div>\n\t\t<\/div>\n\t\t\t\t\t\t\t<\/div>\n\t\t<\/section>\n\t\t\t\t\t\t<\/div>\n\t\t\t\t\t<\/div>\n\t\t","protected":false},"excerpt":{"rendered":"<p>BPO e Outsourcing Temos as solu\u00e7\u00f5es certas para tornarmos a sua empresa mais competitiva e eficiente. O que fazemos? Maximizamos oportunidades de neg\u00f3cio e reduzimos custos operacionais. Na YOURVOICE prestamos um servi\u00e7o end-to-end, com foco nos SLAs, KPIs, Qualidade e melhoria cont\u00ednua. As nossas solu\u00e7\u00f5es Com um conhecimento profundo na \u00e1rea de contact center, garantimos&hellip; <a class=\"more-link\" href=\"https:\/\/yourvoice.com.pt\/pt-pt\/servicos\/bpo-e-outsourcing\/\">Continue a ler <span class=\"screen-reader-text\">BPO e Outsourcing<\/span><\/a><\/p>\n","protected":false},"author":1,"featured_media":0,"parent":27,"menu_order":0,"comment_status":"closed","ping_status":"closed","template":"elementor_header_footer","meta":[],"yoast_head":"<!-- This site is optimized with the Yoast SEO Premium plugin v16.3 (Yoast SEO v18.4.1) - https:\/\/yoast.com\/wordpress\/plugins\/seo\/ -->\n<title>Servi\u00e7os de Business Process Outsourcing em Portugal | YOURVOICE<\/title>\n<meta name=\"description\" content=\"Maximizamos oportunidades de neg\u00f3cio e reduzimos custos operacionais. Na YOURVOICE prestamos um servi\u00e7o end-to-end, com foco nos SLAs e KPIs.\" \/>\n<meta name=\"robots\" content=\"index, follow, max-snippet:-1, max-image-preview:large, max-video-preview:-1\" \/>\n<link rel=\"canonical\" href=\"https:\/\/yourvoice.com.pt\/pt-pt\/servicos\/bpo-e-outsourcing\/\" \/>\n<meta property=\"og:locale\" content=\"pt_PT\" \/>\n<meta property=\"og:type\" content=\"article\" \/>\n<meta property=\"og:title\" content=\"Servi\u00e7os de Business Process Outsourcing em Portugal | YOURVOICE\" \/>\n<meta property=\"og:description\" content=\"Maximizamos oportunidades de neg\u00f3cio e reduzimos custos operacionais. Na YOURVOICE prestamos um servi\u00e7o end-to-end, com foco nos SLAs e KPIs.\" \/>\n<meta property=\"og:url\" content=\"https:\/\/yourvoice.com.pt\/pt-pt\/servicos\/bpo-e-outsourcing\/\" \/>\n<meta property=\"og:site_name\" content=\"YourVoice Contact Solution\" \/>\n<meta property=\"article:publisher\" content=\"https:\/\/www.facebook.com\/yourvoiceportugal\/\" \/>\n<meta property=\"article:modified_time\" content=\"2021-09-28T16:19:42+00:00\" \/>\n<meta property=\"og:image\" content=\"https:\/\/yourvoice.com.pt\/webNewYV\/wp-content\/uploads\/2021\/07\/il-servicos-outsourcing.png\" \/>\n<meta name=\"twitter:card\" content=\"summary_large_image\" \/>\n<meta name=\"twitter:label1\" content=\"Tempo estimado de leitura\" \/>\n\t<meta name=\"twitter:data1\" content=\"2 minutos\" \/>\n<script type=\"application\/ld+json\" class=\"yoast-schema-graph\">{\"@context\":\"https:\/\/schema.org\",\"@graph\":[{\"@type\":\"Organization\",\"@id\":\"https:\/\/yourvoice.com.pt\/pt-pt\/#organization\",\"name\":\"YOURVOICE Contact Solutions\",\"url\":\"https:\/\/yourvoice.com.pt\/pt-pt\/\",\"sameAs\":[\"https:\/\/www.facebook.com\/yourvoiceportugal\/\",\"https:\/\/www.instagram.com\/yourvoice_pt\/\",\"https:\/\/www.linkedin.com\/company\/yourvoice\/\"],\"logo\":{\"@type\":\"ImageObject\",\"@id\":\"https:\/\/yourvoice.com.pt\/pt-pt\/#logo\",\"inLanguage\":\"pt-PT\",\"url\":\"https:\/\/yourvoice.com.pt\/wp-content\/uploads\/2021\/07\/yv-logo-color.png\",\"contentUrl\":\"https:\/\/yourvoice.com.pt\/wp-content\/uploads\/2021\/07\/yv-logo-color.png\",\"width\":320,\"height\":82,\"caption\":\"YOURVOICE Contact Solutions\"},\"image\":{\"@id\":\"https:\/\/yourvoice.com.pt\/pt-pt\/#logo\"}},{\"@type\":\"WebSite\",\"@id\":\"https:\/\/yourvoice.com.pt\/pt-pt\/#website\",\"url\":\"https:\/\/yourvoice.com.pt\/pt-pt\/\",\"name\":\"YourVoice Contact Solution\",\"description\":\"Solu\u00e7\u00f5es de Call Center, Telemarketing e Teleperformance\",\"publisher\":{\"@id\":\"https:\/\/yourvoice.com.pt\/pt-pt\/#organization\"},\"potentialAction\":[{\"@type\":\"SearchAction\",\"target\":{\"@type\":\"EntryPoint\",\"urlTemplate\":\"https:\/\/yourvoice.com.pt\/pt-pt\/?s={search_term_string}\"},\"query-input\":\"required name=search_term_string\"}],\"inLanguage\":\"pt-PT\"},{\"@type\":\"ImageObject\",\"@id\":\"https:\/\/yourvoice.com.pt\/pt-pt\/servicos\/bpo-e-outsourcing\/#primaryimage\",\"inLanguage\":\"pt-PT\",\"url\":\"https:\/\/yourvoice.com.pt\/webNewYV\/wp-content\/uploads\/2021\/07\/il-servicos-outsourcing.png\",\"contentUrl\":\"https:\/\/yourvoice.com.pt\/webNewYV\/wp-content\/uploads\/2021\/07\/il-servicos-outsourcing.png\"},{\"@type\":\"WebPage\",\"@id\":\"https:\/\/yourvoice.com.pt\/pt-pt\/servicos\/bpo-e-outsourcing\/#webpage\",\"url\":\"https:\/\/yourvoice.com.pt\/pt-pt\/servicos\/bpo-e-outsourcing\/\",\"name\":\"Servi\u00e7os de Business Process Outsourcing em Portugal | YOURVOICE\",\"isPartOf\":{\"@id\":\"https:\/\/yourvoice.com.pt\/pt-pt\/#website\"},\"primaryImageOfPage\":{\"@id\":\"https:\/\/yourvoice.com.pt\/pt-pt\/servicos\/bpo-e-outsourcing\/#primaryimage\"},\"datePublished\":\"2021-07-06T20:44:09+00:00\",\"dateModified\":\"2021-09-28T16:19:42+00:00\",\"description\":\"Maximizamos oportunidades de neg\u00f3cio e reduzimos custos operacionais. Na YOURVOICE prestamos um servi\u00e7o end-to-end, com foco nos SLAs e KPIs.\",\"breadcrumb\":{\"@id\":\"https:\/\/yourvoice.com.pt\/pt-pt\/servicos\/bpo-e-outsourcing\/#breadcrumb\"},\"inLanguage\":\"pt-PT\",\"potentialAction\":[{\"@type\":\"ReadAction\",\"target\":[\"https:\/\/yourvoice.com.pt\/pt-pt\/servicos\/bpo-e-outsourcing\/\"]}]},{\"@type\":\"BreadcrumbList\",\"@id\":\"https:\/\/yourvoice.com.pt\/pt-pt\/servicos\/bpo-e-outsourcing\/#breadcrumb\",\"itemListElement\":[{\"@type\":\"ListItem\",\"position\":1,\"name\":\"Home\",\"item\":\"https:\/\/yourvoice.com.pt\/pt-pt\/\"},{\"@type\":\"ListItem\",\"position\":2,\"name\":\"Servi\u00e7os\",\"item\":\"https:\/\/yourvoice.com.pt\/pt-pt\/services\/\"},{\"@type\":\"ListItem\",\"position\":3,\"name\":\"BPO e Outsourcing\"}]}]}<\/script>\n<!-- \/ Yoast SEO Premium plugin. -->","yoast_head_json":{"title":"Servi\u00e7os de Business Process Outsourcing em Portugal | YOURVOICE","description":"Maximizamos oportunidades de neg\u00f3cio e reduzimos custos operacionais. Na YOURVOICE prestamos um servi\u00e7o end-to-end, com foco nos SLAs e KPIs.","robots":{"index":"index","follow":"follow","max-snippet":"max-snippet:-1","max-image-preview":"max-image-preview:large","max-video-preview":"max-video-preview:-1"},"canonical":"https:\/\/yourvoice.com.pt\/pt-pt\/servicos\/bpo-e-outsourcing\/","og_locale":"pt_PT","og_type":"article","og_title":"Servi\u00e7os de Business Process Outsourcing em Portugal | YOURVOICE","og_description":"Maximizamos oportunidades de neg\u00f3cio e reduzimos custos operacionais. Na YOURVOICE prestamos um servi\u00e7o end-to-end, com foco nos SLAs e KPIs.","og_url":"https:\/\/yourvoice.com.pt\/pt-pt\/servicos\/bpo-e-outsourcing\/","og_site_name":"YourVoice Contact Solution","article_publisher":"https:\/\/www.facebook.com\/yourvoiceportugal\/","article_modified_time":"2021-09-28T16:19:42+00:00","og_image":[{"url":"https:\/\/yourvoice.com.pt\/webNewYV\/wp-content\/uploads\/2021\/07\/il-servicos-outsourcing.png"}],"twitter_card":"summary_large_image","twitter_misc":{"Tempo estimado de leitura":"2 minutos"},"schema":{"@context":"https:\/\/schema.org","@graph":[{"@type":"Organization","@id":"https:\/\/yourvoice.com.pt\/pt-pt\/#organization","name":"YOURVOICE Contact Solutions","url":"https:\/\/yourvoice.com.pt\/pt-pt\/","sameAs":["https:\/\/www.facebook.com\/yourvoiceportugal\/","https:\/\/www.instagram.com\/yourvoice_pt\/","https:\/\/www.linkedin.com\/company\/yourvoice\/"],"logo":{"@type":"ImageObject","@id":"https:\/\/yourvoice.com.pt\/pt-pt\/#logo","inLanguage":"pt-PT","url":"https:\/\/yourvoice.com.pt\/wp-content\/uploads\/2021\/07\/yv-logo-color.png","contentUrl":"https:\/\/yourvoice.com.pt\/wp-content\/uploads\/2021\/07\/yv-logo-color.png","width":320,"height":82,"caption":"YOURVOICE Contact Solutions"},"image":{"@id":"https:\/\/yourvoice.com.pt\/pt-pt\/#logo"}},{"@type":"WebSite","@id":"https:\/\/yourvoice.com.pt\/pt-pt\/#website","url":"https:\/\/yourvoice.com.pt\/pt-pt\/","name":"YourVoice Contact Solution","description":"Solu\u00e7\u00f5es de Call Center, Telemarketing e Teleperformance","publisher":{"@id":"https:\/\/yourvoice.com.pt\/pt-pt\/#organization"},"potentialAction":[{"@type":"SearchAction","target":{"@type":"EntryPoint","urlTemplate":"https:\/\/yourvoice.com.pt\/pt-pt\/?s={search_term_string}"},"query-input":"required name=search_term_string"}],"inLanguage":"pt-PT"},{"@type":"ImageObject","@id":"https:\/\/yourvoice.com.pt\/pt-pt\/servicos\/bpo-e-outsourcing\/#primaryimage","inLanguage":"pt-PT","url":"https:\/\/yourvoice.com.pt\/webNewYV\/wp-content\/uploads\/2021\/07\/il-servicos-outsourcing.png","contentUrl":"https:\/\/yourvoice.com.pt\/webNewYV\/wp-content\/uploads\/2021\/07\/il-servicos-outsourcing.png"},{"@type":"WebPage","@id":"https:\/\/yourvoice.com.pt\/pt-pt\/servicos\/bpo-e-outsourcing\/#webpage","url":"https:\/\/yourvoice.com.pt\/pt-pt\/servicos\/bpo-e-outsourcing\/","name":"Servi\u00e7os de Business Process Outsourcing em Portugal | YOURVOICE","isPartOf":{"@id":"https:\/\/yourvoice.com.pt\/pt-pt\/#website"},"primaryImageOfPage":{"@id":"https:\/\/yourvoice.com.pt\/pt-pt\/servicos\/bpo-e-outsourcing\/#primaryimage"},"datePublished":"2021-07-06T20:44:09+00:00","dateModified":"2021-09-28T16:19:42+00:00","description":"Maximizamos oportunidades de neg\u00f3cio e reduzimos custos operacionais. Na YOURVOICE prestamos um servi\u00e7o end-to-end, com foco nos SLAs e KPIs.","breadcrumb":{"@id":"https:\/\/yourvoice.com.pt\/pt-pt\/servicos\/bpo-e-outsourcing\/#breadcrumb"},"inLanguage":"pt-PT","potentialAction":[{"@type":"ReadAction","target":["https:\/\/yourvoice.com.pt\/pt-pt\/servicos\/bpo-e-outsourcing\/"]}]},{"@type":"BreadcrumbList","@id":"https:\/\/yourvoice.com.pt\/pt-pt\/servicos\/bpo-e-outsourcing\/#breadcrumb","itemListElement":[{"@type":"ListItem","position":1,"name":"Home","item":"https:\/\/yourvoice.com.pt\/pt-pt\/"},{"@type":"ListItem","position":2,"name":"Servi\u00e7os","item":"https:\/\/yourvoice.com.pt\/pt-pt\/services\/"},{"@type":"ListItem","position":3,"name":"BPO e Outsourcing"}]}]}},"_links":{"self":[{"href":"https:\/\/yourvoice.com.pt\/pt-pt\/wp-json\/wp\/v2\/pages\/576"}],"collection":[{"href":"https:\/\/yourvoice.com.pt\/pt-pt\/wp-json\/wp\/v2\/pages"}],"about":[{"href":"https:\/\/yourvoice.com.pt\/pt-pt\/wp-json\/wp\/v2\/types\/page"}],"author":[{"embeddable":true,"href":"https:\/\/yourvoice.com.pt\/pt-pt\/wp-json\/wp\/v2\/users\/1"}],"replies":[{"embeddable":true,"href":"https:\/\/yourvoice.com.pt\/pt-pt\/wp-json\/wp\/v2\/comments?post=576"}],"version-history":[{"count":36,"href":"https:\/\/yourvoice.com.pt\/pt-pt\/wp-json\/wp\/v2\/pages\/576\/revisions"}],"predecessor-version":[{"id":1300,"href":"https:\/\/yourvoice.com.pt\/pt-pt\/wp-json\/wp\/v2\/pages\/576\/revisions\/1300"}],"up":[{"embeddable":true,"href":"https:\/\/yourvoice.com.pt\/pt-pt\/wp-json\/wp\/v2\/pages\/27"}],"wp:attachment":[{"href":"https:\/\/yourvoice.com.pt\/pt-pt\/wp-json\/wp\/v2\/media?parent=576"}],"curies":[{"name":"wp","href":"https:\/\/api.w.org\/{rel}","templated":true}]}}