{"id":17,"date":"2021-07-03T13:48:58","date_gmt":"2021-07-03T12:48:58","guid":{"rendered":"https:\/\/yourvoice.com.pt\/webNewYV\/?page_id=17"},"modified":"2023-01-12T18:56:02","modified_gmt":"2023-01-12T17:56:02","slug":"contactos","status":"publish","type":"page","link":"https:\/\/yourvoice.com.pt\/pt-pt\/contactos\/","title":{"rendered":"Contactos"},"content":{"rendered":"\t\t<div data-elementor-type=\"wp-page\" data-elementor-id=\"17\" class=\"elementor elementor-17\" data-elementor-settings=\"[]\">\n\t\t\t\t\t\t\t<div class=\"elementor-section-wrap\">\n\t\t\t\t\t\t\t<section class=\"elementor-section elementor-top-section elementor-element elementor-element-0b6c81a elementor-section-full_width elementor-section-height-min-height elementor-section-content-bottom elementor-section-height-default elementor-section-items-middle\" data-id=\"0b6c81a\" data-element_type=\"section\" data-settings=\"{&quot;background_background&quot;:&quot;classic&quot;}\">\n\t\t\t\t\t\t<div class=\"elementor-container elementor-column-gap-default\">\n\t\t\t\t\t<div class=\"elementor-column elementor-col-100 elementor-top-column elementor-element elementor-element-9e3a758\" data-id=\"9e3a758\" data-element_type=\"column\">\n\t\t\t<div class=\"elementor-widget-wrap elementor-element-populated\">\n\t\t\t\t\t\t\t\t<section class=\"elementor-section elementor-inner-section elementor-element elementor-element-82481a7 elementor-section-boxed elementor-section-height-default elementor-section-height-default\" data-id=\"82481a7\" data-element_type=\"section\">\n\t\t\t\t\t\t<div class=\"elementor-container elementor-column-gap-default\">\n\t\t\t\t\t<div class=\"elementor-column elementor-col-50 elementor-inner-column elementor-element elementor-element-2892db4\" data-id=\"2892db4\" data-element_type=\"column\">\n\t\t\t<div class=\"elementor-widget-wrap elementor-element-populated\">\n\t\t\t\t\t\t\t\t<div class=\"elementor-element elementor-element-57ef572 elementor-widget elementor-widget-heading\" data-id=\"57ef572\" data-element_type=\"widget\" data-widget_type=\"heading.default\">\n\t\t\t\t<div class=\"elementor-widget-container\">\n\t\t\t<h1 class=\"elementor-heading-title elementor-size-default\">Somos Especializados em Ajudar Empresas<\/h1>\t\t<\/div>\n\t\t\t\t<\/div>\n\t\t\t\t<div class=\"elementor-element elementor-element-ce80343 elementor-widget elementor-widget-text-editor\" data-id=\"ce80343\" data-element_type=\"widget\" data-widget_type=\"text-editor.default\">\n\t\t\t\t<div class=\"elementor-widget-container\">\n\t\t\t\t\t\t\t\t<p>De pequenas a grandes empresas, somos especialistas em ajudar neg\u00f3cios a alcan\u00e7arem os seus objetivos com as nossas equipas de call center.<\/p>\t\t\t\t\t\t<\/div>\n\t\t\t\t<\/div>\n\t\t\t\t<div class=\"elementor-element elementor-element-c685644 elementor-widget elementor-widget-text-editor\" data-id=\"c685644\" data-element_type=\"widget\" data-widget_type=\"text-editor.default\">\n\t\t\t\t<div class=\"elementor-widget-container\">\n\t\t\t\t\t\t\t\t<h4><strong>Se quiser agora a sua proposta comercial ligue e fale com a nossa equipa comercial &#8211; 914 096 183<\/strong><\/h4>\t\t\t\t\t\t<\/div>\n\t\t\t\t<\/div>\n\t\t\t\t\t<\/div>\n\t\t<\/div>\n\t\t\t\t<div class=\"elementor-column elementor-col-50 elementor-inner-column elementor-element elementor-element-06d75d3\" data-id=\"06d75d3\" data-element_type=\"column\">\n\t\t\t<div class=\"elementor-widget-wrap\">\n\t\t\t\t\t\t\t\t\t<\/div>\n\t\t<\/div>\n\t\t\t\t\t\t\t<\/div>\n\t\t<\/section>\n\t\t\t\t\t<\/div>\n\t\t<\/div>\n\t\t\t\t\t\t\t<\/div>\n\t\t<\/section>\n\t\t\t\t<section class=\"elementor-section elementor-top-section elementor-element elementor-element-59378af elementor-section-full_width elementor-section-content-middle elementor-section-height-default elementor-section-height-default\" data-id=\"59378af\" data-element_type=\"section\" data-settings=\"{&quot;background_background&quot;:&quot;classic&quot;}\">\n\t\t\t\t\t\t<div class=\"elementor-container elementor-column-gap-no\">\n\t\t\t\t\t<div class=\"elementor-column elementor-col-50 elementor-top-column elementor-element elementor-element-64793ec\" data-id=\"64793ec\" data-element_type=\"column\">\n\t\t\t<div class=\"elementor-widget-wrap elementor-element-populated\">\n\t\t\t\t\t\t\t\t<div class=\"elementor-element elementor-element-818ae63 elementor-widget__width-auto elementor-absolute elementor-widget elementor-widget-image\" data-id=\"818ae63\" data-element_type=\"widget\" data-settings=\"{&quot;motion_fx_motion_fx_scrolling&quot;:&quot;yes&quot;,&quot;motion_fx_translateY_effect&quot;:&quot;yes&quot;,&quot;_position&quot;:&quot;absolute&quot;,&quot;motion_fx_translateY_speed&quot;:{&quot;unit&quot;:&quot;px&quot;,&quot;size&quot;:4,&quot;sizes&quot;:[]},&quot;motion_fx_translateY_affectedRange&quot;:{&quot;unit&quot;:&quot;%&quot;,&quot;size&quot;:&quot;&quot;,&quot;sizes&quot;:{&quot;start&quot;:0,&quot;end&quot;:100}},&quot;motion_fx_devices&quot;:[&quot;desktop&quot;,&quot;tablet&quot;,&quot;mobile&quot;]}\" data-widget_type=\"image.default\">\n\t\t\t\t<div class=\"elementor-widget-container\">\n\t\t\t\t\t\t\t\t\t\t\t\t\t\t\t<img src=\"https:\/\/yourvoice.com.pt\/wp-content\/uploads\/2021\/07\/square-normal.png\" title=\"square-normal\" alt=\"square-normal\" \/>\t\t\t\t\t\t\t\t\t\t\t\t\t\t\t<\/div>\n\t\t\t\t<\/div>\n\t\t\t\t<section class=\"elementor-section elementor-inner-section elementor-element elementor-element-c117535 elementor-section-height-full elementor-section-content-middle elementor-section-boxed elementor-section-height-default\" data-id=\"c117535\" data-element_type=\"section\">\n\t\t\t\t\t\t<div class=\"elementor-container elementor-column-gap-no\">\n\t\t\t\t\t<div class=\"elementor-column elementor-col-100 elementor-inner-column elementor-element elementor-element-9fd43b7\" data-id=\"9fd43b7\" data-element_type=\"column\">\n\t\t\t<div class=\"elementor-widget-wrap\">\n\t\t\t\t\t\t\t\t\t<\/div>\n\t\t<\/div>\n\t\t\t\t<div class=\"elementor-column elementor-col-100 elementor-inner-column elementor-element elementor-element-0e0da9b\" data-id=\"0e0da9b\" data-element_type=\"column\">\n\t\t\t<div class=\"elementor-widget-wrap elementor-element-populated\">\n\t\t\t\t\t\t\t\t<div class=\"elementor-element elementor-element-31b8fcf elementor-widget elementor-widget-html\" data-id=\"31b8fcf\" data-element_type=\"widget\" data-widget_type=\"html.default\">\n\t\t\t\t<div class=\"elementor-widget-container\">\n\t\t\t<div role=\"form\" class=\"wpcf7\" id=\"wpcf7-f482-o1\" lang=\"pt-PT\" dir=\"ltr\">\n<div class=\"screen-reader-response\"><p role=\"status\" aria-live=\"polite\" aria-atomic=\"true\"><\/p> <ul><\/ul><\/div>\n<form action=\"\/pt-pt\/wp-json\/wp\/v2\/pages\/17#wpcf7-f482-o1\" method=\"post\" class=\"wpcf7-form init\" novalidate=\"novalidate\" data-status=\"init\">\n<div style=\"display: none;\">\n<input type=\"hidden\" name=\"_wpcf7\" value=\"482\" \/>\n<input type=\"hidden\" name=\"_wpcf7_version\" value=\"5.5.6\" \/>\n<input type=\"hidden\" name=\"_wpcf7_locale\" value=\"pt_PT\" \/>\n<input type=\"hidden\" name=\"_wpcf7_unit_tag\" value=\"wpcf7-f482-o1\" \/>\n<input type=\"hidden\" name=\"_wpcf7_container_post\" value=\"0\" \/>\n<input type=\"hidden\" name=\"_wpcf7_posted_data_hash\" value=\"\" \/>\n<\/div>\n<div class=\"yv-form recrutamento\">\n<h5 class=\"title\">Contacte-nos para receber uma Proposta Gr\u00e1tis <\/h5>\n<p>Sabemos como ajudar o seu neg\u00f3cio a crescer. Deixe o<br \/>\nseu contacto e receba uma proposta gr\u00e1tis.<\/p>\n<ul>\n<li class=\"li-col-2\"><span class=\"wpcf7-form-control-wrap your-name\"><input type=\"text\" name=\"your-name\" value=\"\" size=\"40\" class=\"wpcf7-form-control wpcf7-text wpcf7-validates-as-required\" aria-required=\"true\" aria-invalid=\"false\" placeholder=\"Nome\" \/><\/span><\/li>\n<li class=\"li-col-2\"><span class=\"wpcf7-form-control-wrap your-email\"><input type=\"email\" name=\"your-email\" value=\"\" size=\"40\" class=\"wpcf7-form-control wpcf7-text wpcf7-email wpcf7-validates-as-required wpcf7-validates-as-email\" aria-required=\"true\" aria-invalid=\"false\" placeholder=\"Email\" \/><\/span><\/li>\n<li class=\"li-col-2\"><span class=\"wpcf7-form-control-wrap your-phone\"><input type=\"tel\" name=\"your-phone\" value=\"\" size=\"40\" class=\"wpcf7-form-control wpcf7-text wpcf7-tel wpcf7-validates-as-required wpcf7-validates-as-tel\" aria-required=\"true\" aria-invalid=\"false\" placeholder=\"Telefone\" \/><\/span><\/li>\n<li class=\"li-col-2\"><span class=\"wpcf7-form-control-wrap your-company\"><input type=\"text\" name=\"your-company\" value=\"\" size=\"40\" class=\"wpcf7-form-control wpcf7-text wpcf7-validates-as-required\" aria-required=\"true\" aria-invalid=\"false\" placeholder=\"Empresa\" \/><\/span><\/li>\n<li><span class=\"wpcf7-form-control-wrap textarea-261\"><textarea name=\"textarea-261\" cols=\"40\" rows=\"3\" class=\"wpcf7-form-control wpcf7-textarea\" aria-invalid=\"false\" placeholder=\"Mensagem\"><\/textarea><\/span><\/li>\n<\/ul>\n<p><b>Assinale os servi\u00e7os para os quais gostaria de receber or\u00e7amento.<\/b><\/p>\n<ul class=\"form-ul-checkboxes\">\n<li><span class=\"wpcf7-form-control-wrap checkbox-473\"><span class=\"wpcf7-form-control wpcf7-checkbox wpcf7-validates-as-required\"><span class=\"wpcf7-list-item first\"><label><input type=\"checkbox\" name=\"checkbox-473[]\" value=\"Capta\u00e7\u00e3o de novos clientes\" \/><span class=\"wpcf7-list-item-label\">Capta\u00e7\u00e3o de novos clientes<\/span><\/label><\/span><span class=\"wpcf7-list-item\"><label><input type=\"checkbox\" name=\"checkbox-473[]\" value=\"Recupera\u00e7\u00e3o e Renova\u00e7\u00e3o\" \/><span class=\"wpcf7-list-item-label\">Recupera\u00e7\u00e3o e Renova\u00e7\u00e3o<\/span><\/label><\/span><span class=\"wpcf7-list-item\"><label><input type=\"checkbox\" name=\"checkbox-473[]\" value=\"Marca\u00e7\u00e3o de Visitas\/Reuni\u00f5es\" \/><span class=\"wpcf7-list-item-label\">Marca\u00e7\u00e3o de Visitas\/Reuni\u00f5es<\/span><\/label><\/span><span class=\"wpcf7-list-item\"><label><input type=\"checkbox\" name=\"checkbox-473[]\" value=\"Actualiza\u00e7\u00e3o de Base de Dados\" \/><span class=\"wpcf7-list-item-label\">Actualiza\u00e7\u00e3o de Base de Dados<\/span><\/label><\/span><span class=\"wpcf7-list-item\"><label><input type=\"checkbox\" name=\"checkbox-473[]\" value=\"Over-flow de Chamadas\" \/><span class=\"wpcf7-list-item-label\">Over-flow de Chamadas<\/span><\/label><\/span><span class=\"wpcf7-list-item\"><label><input type=\"checkbox\" name=\"checkbox-473[]\" value=\"Help Desk\" \/><span class=\"wpcf7-list-item-label\">Help Desk<\/span><\/label><\/span><span class=\"wpcf7-list-item last\"><label><input type=\"checkbox\" name=\"checkbox-473[]\" value=\"Outsourcing de teleoperadores\" \/><span class=\"wpcf7-list-item-label\">Outsourcing de teleoperadores<\/span><\/label><\/span><\/span><\/span><\/li>\n<\/ul>\n<hr>\n<div class=\"btn-wrapper\">\n<input type=\"submit\" value=\"Pedir Or\u00e7amento Gr\u00e1tis\" class=\"wpcf7-form-control has-spinner wpcf7-submit\" \/>\n<\/div>\n<\/div>\n<div class=\"wpcf7-response-output\" aria-hidden=\"true\"><\/div><\/form><\/div>\t\t<\/div>\n\t\t\t\t<\/div>\n\t\t\t\t\t<\/div>\n\t\t<\/div>\n\t\t\t\t\t\t\t<\/div>\n\t\t<\/section>\n\t\t\t\t\t<\/div>\n\t\t<\/div>\n\t\t\t\t<div class=\"elementor-column elementor-col-50 elementor-top-column elementor-element elementor-element-64865d6\" data-id=\"64865d6\" data-element_type=\"column\">\n\t\t\t<div class=\"elementor-widget-wrap elementor-element-populated\">\n\t\t\t\t\t\t\t\t<div class=\"elementor-element elementor-element-0e50ee3 elementor-widget elementor-widget-google_maps\" data-id=\"0e50ee3\" data-element_type=\"widget\" data-widget_type=\"google_maps.default\">\n\t\t\t\t<div class=\"elementor-widget-container\">\n\t\t\t\t\t<div class=\"elementor-custom-embed\">\n\t\t\t<iframe frameborder=\"0\" scrolling=\"no\" marginheight=\"0\" marginwidth=\"0\" src=\"https:\/\/maps.google.com\/maps?q=YOURVOICE&amp;t=m&amp;z=10&amp;output=embed&amp;iwloc=near\" title=\"%3$s\" aria-label=\"%3$s\"><\/iframe>\n\t\t<\/div>\n\t\t\t\t<\/div>\n\t\t\t\t<\/div>\n\t\t\t\t<section class=\"elementor-section elementor-inner-section elementor-element elementor-element-14cb076 elementor-section-content-middle elementor-section-boxed elementor-section-height-default elementor-section-height-default\" data-id=\"14cb076\" data-element_type=\"section\">\n\t\t\t\t\t\t<div class=\"elementor-container elementor-column-gap-default\">\n\t\t\t\t\t\t\t\t<\/div>\n\t\t<\/section>\n\t\t\t\t\t<\/div>\n\t\t<\/div>\n\t\t\t\t\t\t\t<\/div>\n\t\t<\/section>\n\t\t\t\t<section class=\"elementor-section elementor-top-section elementor-element elementor-element-382ebaf elementor-section-boxed elementor-section-height-default elementor-section-height-default\" data-id=\"382ebaf\" data-element_type=\"section\">\n\t\t\t\t\t\t<div class=\"elementor-container elementor-column-gap-default\">\n\t\t\t\t\t<div class=\"elementor-column elementor-col-100 elementor-top-column elementor-element elementor-element-527a30a\" data-id=\"527a30a\" data-element_type=\"column\">\n\t\t\t<div class=\"elementor-widget-wrap\">\n\t\t\t\t\t\t\t\t\t<\/div>\n\t\t<\/div>\n\t\t\t\t\t\t\t<\/div>\n\t\t<\/section>\n\t\t\t\t\t\t<\/div>\n\t\t\t\t\t<\/div>\n\t\t","protected":false},"excerpt":{"rendered":"<p>Somos Especializados em Ajudar Empresas De pequenas a grandes empresas, somos especialistas em ajudar neg\u00f3cios a alcan\u00e7arem os seus objetivos com as nossas equipas de call center. Se quiser agora a sua proposta comercial ligue e fale com a nossa equipa comercial &#8211; 914 096 183<\/p>\n","protected":false},"author":1,"featured_media":0,"parent":0,"menu_order":0,"comment_status":"closed","ping_status":"closed","template":"elementor_header_footer","meta":[],"yoast_head":"<!-- This site is optimized with the Yoast SEO Premium plugin v16.3 (Yoast SEO v18.4.1) - https:\/\/yoast.com\/wordpress\/plugins\/seo\/ -->\n<title>Fale Connosco e Receba Um Or\u00e7amento Gr\u00e1tis | YOURVOICE<\/title>\n<meta name=\"description\" content=\"A comunica\u00e7\u00e3o \u00e9 o ponto de partida de uma parceria longa e saud\u00e1vel que procuramos criar e manter com os nossos clientes.\" \/>\n<meta name=\"robots\" content=\"index, follow, max-snippet:-1, max-image-preview:large, max-video-preview:-1\" \/>\n<link rel=\"canonical\" href=\"https:\/\/yourvoice.com.pt\/pt-pt\/contactos\/\" \/>\n<meta property=\"og:locale\" content=\"pt_PT\" \/>\n<meta property=\"og:type\" content=\"article\" \/>\n<meta property=\"og:title\" content=\"Fale Connosco e Receba Um Or\u00e7amento Gr\u00e1tis | YOURVOICE\" \/>\n<meta property=\"og:description\" content=\"A comunica\u00e7\u00e3o \u00e9 o ponto de partida de uma parceria longa e saud\u00e1vel que procuramos criar e manter com os nossos clientes.\" \/>\n<meta property=\"og:url\" content=\"https:\/\/yourvoice.com.pt\/pt-pt\/contactos\/\" \/>\n<meta property=\"og:site_name\" content=\"YourVoice Contact Solution\" \/>\n<meta property=\"article:publisher\" content=\"https:\/\/www.facebook.com\/yourvoiceportugal\/\" \/>\n<meta property=\"article:modified_time\" content=\"2023-01-12T17:56:02+00:00\" \/>\n<meta property=\"og:image\" content=\"https:\/\/yourvoice.com.pt\/wp-content\/uploads\/2021\/07\/header-banner-clientes.jpg\" \/>\n\t<meta property=\"og:image:width\" content=\"1920\" \/>\n\t<meta property=\"og:image:height\" content=\"619\" \/>\n\t<meta property=\"og:image:type\" content=\"image\/jpeg\" \/>\n<meta name=\"twitter:card\" content=\"summary_large_image\" \/>\n<meta name=\"twitter:label1\" content=\"Tempo estimado de leitura\" \/>\n\t<meta name=\"twitter:data1\" content=\"1 minuto\" \/>\n<script type=\"application\/ld+json\" class=\"yoast-schema-graph\">{\"@context\":\"https:\/\/schema.org\",\"@graph\":[{\"@type\":\"Organization\",\"@id\":\"https:\/\/yourvoice.com.pt\/pt-pt\/#organization\",\"name\":\"YOURVOICE Contact Solutions\",\"url\":\"https:\/\/yourvoice.com.pt\/pt-pt\/\",\"sameAs\":[\"https:\/\/www.facebook.com\/yourvoiceportugal\/\",\"https:\/\/www.instagram.com\/yourvoice_pt\/\",\"https:\/\/www.linkedin.com\/company\/yourvoice\/\"],\"logo\":{\"@type\":\"ImageObject\",\"@id\":\"https:\/\/yourvoice.com.pt\/pt-pt\/#logo\",\"inLanguage\":\"pt-PT\",\"url\":\"https:\/\/yourvoice.com.pt\/wp-content\/uploads\/2021\/07\/yv-logo-color.png\",\"contentUrl\":\"https:\/\/yourvoice.com.pt\/wp-content\/uploads\/2021\/07\/yv-logo-color.png\",\"width\":320,\"height\":82,\"caption\":\"YOURVOICE Contact Solutions\"},\"image\":{\"@id\":\"https:\/\/yourvoice.com.pt\/pt-pt\/#logo\"}},{\"@type\":\"WebSite\",\"@id\":\"https:\/\/yourvoice.com.pt\/pt-pt\/#website\",\"url\":\"https:\/\/yourvoice.com.pt\/pt-pt\/\",\"name\":\"YourVoice Contact Solution\",\"description\":\"Solu\u00e7\u00f5es de Call Center, Telemarketing e Teleperformance\",\"publisher\":{\"@id\":\"https:\/\/yourvoice.com.pt\/pt-pt\/#organization\"},\"potentialAction\":[{\"@type\":\"SearchAction\",\"target\":{\"@type\":\"EntryPoint\",\"urlTemplate\":\"https:\/\/yourvoice.com.pt\/pt-pt\/?s={search_term_string}\"},\"query-input\":\"required name=search_term_string\"}],\"inLanguage\":\"pt-PT\"},{\"@type\":\"ImageObject\",\"@id\":\"https:\/\/yourvoice.com.pt\/pt-pt\/contactos\/#primaryimage\",\"inLanguage\":\"pt-PT\",\"url\":\"https:\/\/yourvoice.com.pt\/wp-content\/uploads\/2021\/07\/header-banner-clientes.jpg\",\"contentUrl\":\"https:\/\/yourvoice.com.pt\/wp-content\/uploads\/2021\/07\/header-banner-clientes.jpg\",\"width\":1920,\"height\":619},{\"@type\":\"WebPage\",\"@id\":\"https:\/\/yourvoice.com.pt\/pt-pt\/contactos\/#webpage\",\"url\":\"https:\/\/yourvoice.com.pt\/pt-pt\/contactos\/\",\"name\":\"Fale Connosco e Receba Um Or\u00e7amento Gr\u00e1tis | YOURVOICE\",\"isPartOf\":{\"@id\":\"https:\/\/yourvoice.com.pt\/pt-pt\/#website\"},\"primaryImageOfPage\":{\"@id\":\"https:\/\/yourvoice.com.pt\/pt-pt\/contactos\/#primaryimage\"},\"datePublished\":\"2021-07-03T12:48:58+00:00\",\"dateModified\":\"2023-01-12T17:56:02+00:00\",\"description\":\"A comunica\u00e7\u00e3o \u00e9 o ponto de partida de uma parceria longa e saud\u00e1vel que procuramos criar e manter com os nossos clientes.\",\"breadcrumb\":{\"@id\":\"https:\/\/yourvoice.com.pt\/pt-pt\/contactos\/#breadcrumb\"},\"inLanguage\":\"pt-PT\",\"potentialAction\":[{\"@type\":\"ReadAction\",\"target\":[\"https:\/\/yourvoice.com.pt\/pt-pt\/contactos\/\"]}]},{\"@type\":\"BreadcrumbList\",\"@id\":\"https:\/\/yourvoice.com.pt\/pt-pt\/contactos\/#breadcrumb\",\"itemListElement\":[{\"@type\":\"ListItem\",\"position\":1,\"name\":\"Home\",\"item\":\"https:\/\/yourvoice.com.pt\/pt-pt\/\"},{\"@type\":\"ListItem\",\"position\":2,\"name\":\"Contactos\"}]}]}<\/script>\n<!-- \/ Yoast SEO Premium plugin. -->","yoast_head_json":{"title":"Fale Connosco e Receba Um Or\u00e7amento Gr\u00e1tis | YOURVOICE","description":"A comunica\u00e7\u00e3o \u00e9 o ponto de partida de uma parceria longa e saud\u00e1vel que procuramos criar e manter com os nossos clientes.","robots":{"index":"index","follow":"follow","max-snippet":"max-snippet:-1","max-image-preview":"max-image-preview:large","max-video-preview":"max-video-preview:-1"},"canonical":"https:\/\/yourvoice.com.pt\/pt-pt\/contactos\/","og_locale":"pt_PT","og_type":"article","og_title":"Fale Connosco e Receba Um Or\u00e7amento Gr\u00e1tis | YOURVOICE","og_description":"A comunica\u00e7\u00e3o \u00e9 o ponto de partida de uma parceria longa e saud\u00e1vel que procuramos criar e manter com os nossos clientes.","og_url":"https:\/\/yourvoice.com.pt\/pt-pt\/contactos\/","og_site_name":"YourVoice Contact Solution","article_publisher":"https:\/\/www.facebook.com\/yourvoiceportugal\/","article_modified_time":"2023-01-12T17:56:02+00:00","og_image":[{"width":1920,"height":619,"url":"https:\/\/yourvoice.com.pt\/wp-content\/uploads\/2021\/07\/header-banner-clientes.jpg","type":"image\/jpeg"}],"twitter_card":"summary_large_image","twitter_misc":{"Tempo estimado de leitura":"1 minuto"},"schema":{"@context":"https:\/\/schema.org","@graph":[{"@type":"Organization","@id":"https:\/\/yourvoice.com.pt\/pt-pt\/#organization","name":"YOURVOICE Contact Solutions","url":"https:\/\/yourvoice.com.pt\/pt-pt\/","sameAs":["https:\/\/www.facebook.com\/yourvoiceportugal\/","https:\/\/www.instagram.com\/yourvoice_pt\/","https:\/\/www.linkedin.com\/company\/yourvoice\/"],"logo":{"@type":"ImageObject","@id":"https:\/\/yourvoice.com.pt\/pt-pt\/#logo","inLanguage":"pt-PT","url":"https:\/\/yourvoice.com.pt\/wp-content\/uploads\/2021\/07\/yv-logo-color.png","contentUrl":"https:\/\/yourvoice.com.pt\/wp-content\/uploads\/2021\/07\/yv-logo-color.png","width":320,"height":82,"caption":"YOURVOICE Contact Solutions"},"image":{"@id":"https:\/\/yourvoice.com.pt\/pt-pt\/#logo"}},{"@type":"WebSite","@id":"https:\/\/yourvoice.com.pt\/pt-pt\/#website","url":"https:\/\/yourvoice.com.pt\/pt-pt\/","name":"YourVoice Contact Solution","description":"Solu\u00e7\u00f5es de Call Center, Telemarketing e Teleperformance","publisher":{"@id":"https:\/\/yourvoice.com.pt\/pt-pt\/#organization"},"potentialAction":[{"@type":"SearchAction","target":{"@type":"EntryPoint","urlTemplate":"https:\/\/yourvoice.com.pt\/pt-pt\/?s={search_term_string}"},"query-input":"required name=search_term_string"}],"inLanguage":"pt-PT"},{"@type":"ImageObject","@id":"https:\/\/yourvoice.com.pt\/pt-pt\/contactos\/#primaryimage","inLanguage":"pt-PT","url":"https:\/\/yourvoice.com.pt\/wp-content\/uploads\/2021\/07\/header-banner-clientes.jpg","contentUrl":"https:\/\/yourvoice.com.pt\/wp-content\/uploads\/2021\/07\/header-banner-clientes.jpg","width":1920,"height":619},{"@type":"WebPage","@id":"https:\/\/yourvoice.com.pt\/pt-pt\/contactos\/#webpage","url":"https:\/\/yourvoice.com.pt\/pt-pt\/contactos\/","name":"Fale Connosco e Receba Um Or\u00e7amento Gr\u00e1tis | YOURVOICE","isPartOf":{"@id":"https:\/\/yourvoice.com.pt\/pt-pt\/#website"},"primaryImageOfPage":{"@id":"https:\/\/yourvoice.com.pt\/pt-pt\/contactos\/#primaryimage"},"datePublished":"2021-07-03T12:48:58+00:00","dateModified":"2023-01-12T17:56:02+00:00","description":"A comunica\u00e7\u00e3o \u00e9 o ponto de partida de uma parceria longa e saud\u00e1vel que procuramos criar e manter com os nossos clientes.","breadcrumb":{"@id":"https:\/\/yourvoice.com.pt\/pt-pt\/contactos\/#breadcrumb"},"inLanguage":"pt-PT","potentialAction":[{"@type":"ReadAction","target":["https:\/\/yourvoice.com.pt\/pt-pt\/contactos\/"]}]},{"@type":"BreadcrumbList","@id":"https:\/\/yourvoice.com.pt\/pt-pt\/contactos\/#breadcrumb","itemListElement":[{"@type":"ListItem","position":1,"name":"Home","item":"https:\/\/yourvoice.com.pt\/pt-pt\/"},{"@type":"ListItem","position":2,"name":"Contactos"}]}]}},"_links":{"self":[{"href":"https:\/\/yourvoice.com.pt\/pt-pt\/wp-json\/wp\/v2\/pages\/17"}],"collection":[{"href":"https:\/\/yourvoice.com.pt\/pt-pt\/wp-json\/wp\/v2\/pages"}],"about":[{"href":"https:\/\/yourvoice.com.pt\/pt-pt\/wp-json\/wp\/v2\/types\/page"}],"author":[{"embeddable":true,"href":"https:\/\/yourvoice.com.pt\/pt-pt\/wp-json\/wp\/v2\/users\/1"}],"replies":[{"embeddable":true,"href":"https:\/\/yourvoice.com.pt\/pt-pt\/wp-json\/wp\/v2\/comments?post=17"}],"version-history":[{"count":111,"href":"https:\/\/yourvoice.com.pt\/pt-pt\/wp-json\/wp\/v2\/pages\/17\/revisions"}],"predecessor-version":[{"id":2123,"href":"https:\/\/yourvoice.com.pt\/pt-pt\/wp-json\/wp\/v2\/pages\/17\/revisions\/2123"}],"wp:attachment":[{"href":"https:\/\/yourvoice.com.pt\/pt-pt\/wp-json\/wp\/v2\/media?parent=17"}],"curies":[{"name":"wp","href":"https:\/\/api.w.org\/{rel}","templated":true}]}}