{"id":1578,"date":"2022-05-23T11:31:46","date_gmt":"2022-05-23T10:31:46","guid":{"rendered":"https:\/\/yourvoice.com.pt\/?page_id=1578"},"modified":"2022-05-23T12:59:30","modified_gmt":"2022-05-23T11:59:30","slug":"ofertas-de-emprego-2","status":"publish","type":"page","link":"https:\/\/yourvoice.com.pt\/pt-pt\/recrutamento\/ofertas-de-emprego-2\/","title":{"rendered":"Ofertas de Emprego"},"content":{"rendered":"\t\t<div data-elementor-type=\"wp-page\" data-elementor-id=\"1578\" class=\"elementor elementor-1578\" data-elementor-settings=\"[]\">\n\t\t\t\t\t\t\t<div class=\"elementor-section-wrap\">\n\t\t\t\t\t\t\t<section class=\"elementor-section elementor-top-section elementor-element elementor-element-69bd6ad elementor-section-full_width elementor-section-height-min-height elementor-section-content-bottom elementor-section-height-default elementor-section-items-middle\" data-id=\"69bd6ad\" data-element_type=\"section\" data-settings=\"{&quot;background_background&quot;:&quot;classic&quot;}\">\n\t\t\t\t\t\t<div class=\"elementor-container elementor-column-gap-default\">\n\t\t\t\t\t<div class=\"elementor-column elementor-col-100 elementor-top-column elementor-element elementor-element-9a9727e\" data-id=\"9a9727e\" data-element_type=\"column\">\n\t\t\t<div class=\"elementor-widget-wrap elementor-element-populated\">\n\t\t\t\t\t\t\t\t<section class=\"elementor-section elementor-inner-section elementor-element elementor-element-b91bfcb elementor-section-boxed elementor-section-height-default elementor-section-height-default\" data-id=\"b91bfcb\" data-element_type=\"section\">\n\t\t\t\t\t\t<div class=\"elementor-container elementor-column-gap-default\">\n\t\t\t\t\t<div class=\"elementor-column elementor-col-50 elementor-inner-column elementor-element elementor-element-1bebcaf\" data-id=\"1bebcaf\" data-element_type=\"column\">\n\t\t\t<div class=\"elementor-widget-wrap elementor-element-populated\">\n\t\t\t\t\t\t\t\t<div class=\"elementor-element elementor-element-c181072 elementor-widget elementor-widget-heading\" data-id=\"c181072\" data-element_type=\"widget\" data-widget_type=\"heading.default\">\n\t\t\t\t<div class=\"elementor-widget-container\">\n\t\t\t<h1 class=\"elementor-heading-title elementor-size-default\">Ofertas de emprego<\/h1>\t\t<\/div>\n\t\t\t\t<\/div>\n\t\t\t\t<div class=\"elementor-element elementor-element-2db6f08 elementor-widget elementor-widget-text-editor\" data-id=\"2db6f08\" data-element_type=\"widget\" data-widget_type=\"text-editor.default\">\n\t\t\t\t<div class=\"elementor-widget-container\">\n\t\t\t\t\t\t\t\tOs nossos servi\u00e7os s\u00e3o reflexo de uma preocupa\u00e7\u00e3o constante em criar valor para o cliente\ne em potenciar o seu desempenho no mercado. Primeiro ouvimos para depois criarmos\numa parceria sustent\u00e1vel que d\u00e1 as respostas mais r\u00e1pidas e eficazes.\t\t\t\t\t\t<\/div>\n\t\t\t\t<\/div>\n\t\t\t\t\t<\/div>\n\t\t<\/div>\n\t\t\t\t<div class=\"elementor-column elementor-col-50 elementor-inner-column elementor-element elementor-element-f51a30a\" data-id=\"f51a30a\" data-element_type=\"column\">\n\t\t\t<div class=\"elementor-widget-wrap\">\n\t\t\t\t\t\t\t\t\t<\/div>\n\t\t<\/div>\n\t\t\t\t\t\t\t<\/div>\n\t\t<\/section>\n\t\t\t\t\t<\/div>\n\t\t<\/div>\n\t\t\t\t\t\t\t<\/div>\n\t\t<\/section>\n\t\t\t\t<section class=\"elementor-section elementor-top-section elementor-element elementor-element-0354cb7 elementor-section-height-min-height elementor-section-boxed elementor-section-height-default elementor-section-items-middle\" data-id=\"0354cb7\" data-element_type=\"section\">\n\t\t\t\t\t\t<div class=\"elementor-container elementor-column-gap-default\">\n\t\t\t\t\t<div class=\"elementor-column elementor-col-100 elementor-top-column elementor-element elementor-element-c582e5d\" data-id=\"c582e5d\" data-element_type=\"column\">\n\t\t\t<div class=\"elementor-widget-wrap elementor-element-populated\">\n\t\t\t\t\t\t\t\t<div class=\"elementor-element elementor-element-3441d58 elementor-posts--thumbnail-none elementor-grid-3 elementor-grid-tablet-2 elementor-grid-mobile-1 elementor-card-shadow-yes elementor-posts__hover-gradient elementor-widget elementor-widget-posts\" data-id=\"3441d58\" data-element_type=\"widget\" data-settings=\"{&quot;cards_columns&quot;:&quot;3&quot;,&quot;cards_columns_tablet&quot;:&quot;2&quot;,&quot;cards_columns_mobile&quot;:&quot;1&quot;,&quot;cards_row_gap&quot;:{&quot;unit&quot;:&quot;px&quot;,&quot;size&quot;:35,&quot;sizes&quot;:[]}}\" data-widget_type=\"posts.cards\">\n\t\t\t\t<div class=\"elementor-widget-container\">\n\t\t\t\t\t<div class=\"elementor-posts-container elementor-posts elementor-posts--skin-cards elementor-grid\">\n\t\t\t\t<article class=\"elementor-post elementor-grid-item post-2070 post type-post status-publish format-quote has-post-thumbnail hentry category-sem-categoria post_format-post-format-quote entry\">\n\t\t\t<div class=\"elementor-post__card\">\n\t\t\t\t<div class=\"elementor-post__text\">\n\t\t\t\t<h3 class=\"elementor-post__title\">\n\t\t\t<a href=\"https:\/\/yourvoice.com.pt\/pt-pt\/2022\/10\/24\/operador-de-call-center-sector-energetico\/\" >\n\t\t\t\tAssistente de Call Center &#8211; Sector Energ\u00e9tico\t\t\t<\/a>\n\t\t<\/h3>\n\t\t\t\t<div class=\"elementor-post__excerpt\">\n\t\t\t<p>Assistente de Call Center (Setor Energ\u00e9tico &#8211; Outbound) Somos um contact center 100% portugu\u00eas, com foco nas pessoas e na cria\u00e7\u00e3o de rela\u00e7\u00f5es de proximidade.<\/p>\n\t\t<\/div>\n\t\t\t\t\t<a class=\"elementor-post__read-more\" href=\"https:\/\/yourvoice.com.pt\/pt-pt\/2022\/10\/24\/operador-de-call-center-sector-energetico\/\" >\n\t\t\t\tMais informa\u00e7\u00f5es \u00bb\t\t\t<\/a>\n\t\t\t\t<\/div>\n\t\t\t\t<div class=\"elementor-post__meta-data\">\n\t\t\t\t\t<span class=\"elementor-post-date\">\n\t\t\t24\/10\/2022\t\t<\/span>\n\t\t\t\t<span class=\"elementor-post-avatar\">\n\t\t\tSem coment\u00e1rios\t\t<\/span>\n\t\t\t\t<\/div>\n\t\t\t\t\t<\/div>\n\t\t<\/article>\n\t\t\t\t<article class=\"elementor-post elementor-grid-item post-2069 post type-post status-publish format-quote has-post-thumbnail hentry category-sem-categoria post_format-post-format-quote entry\">\n\t\t\t<div class=\"elementor-post__card\">\n\t\t\t\t<div class=\"elementor-post__text\">\n\t\t\t\t<h3 class=\"elementor-post__title\">\n\t\t\t<a href=\"https:\/\/yourvoice.com.pt\/pt-pt\/2022\/10\/24\/operador-de-call-center-planos-de-saude\/\" >\n\t\t\t\tAssistente de Call Center -Telecomunica\u00e7\u00f5es\t\t\t<\/a>\n\t\t<\/h3>\n\t\t\t\t<div class=\"elementor-post__excerpt\">\n\t\t\t<p>\u00a0 Assistente de Call Center (Telecomunica\u00e7\u00f5es &#8211; Outbound) \u00a0 Somos um contact center 100% portugu\u00eas, com foco nas pessoas e na cria\u00e7\u00e3o de rela\u00e7\u00f5es de<\/p>\n\t\t<\/div>\n\t\t\t\t\t<a class=\"elementor-post__read-more\" href=\"https:\/\/yourvoice.com.pt\/pt-pt\/2022\/10\/24\/operador-de-call-center-planos-de-saude\/\" >\n\t\t\t\tMais informa\u00e7\u00f5es \u00bb\t\t\t<\/a>\n\t\t\t\t<\/div>\n\t\t\t\t<div class=\"elementor-post__meta-data\">\n\t\t\t\t\t<span class=\"elementor-post-date\">\n\t\t\t24\/10\/2022\t\t<\/span>\n\t\t\t\t<span class=\"elementor-post-avatar\">\n\t\t\tSem coment\u00e1rios\t\t<\/span>\n\t\t\t\t<\/div>\n\t\t\t\t\t<\/div>\n\t\t<\/article>\n\t\t\t\t<article class=\"elementor-post elementor-grid-item post-1561 post type-post status-publish format-quote has-post-thumbnail hentry category-sem-categoria post_format-post-format-quote entry\">\n\t\t\t<div class=\"elementor-post__card\">\n\t\t\t\t<div class=\"elementor-post__text\">\n\t\t\t\t<h3 class=\"elementor-post__title\">\n\t\t\t<a href=\"https:\/\/yourvoice.com.pt\/pt-pt\/2022\/05\/23\/oferta-de-emprego-nos\/\" >\n\t\t\t\tAssistente de Call Center &#8211; Planos de Sa\u00fade\t\t\t<\/a>\n\t\t<\/h3>\n\t\t\t\t<div class=\"elementor-post__excerpt\">\n\t\t\t<p>\u00a0 Assistente de Call Center (Planos de Sa\u00fade &#8211; Outbound) \u00a0 Somos um contact center 100% portugu\u00eas, com foco nas pessoas e na cria\u00e7\u00e3o de<\/p>\n\t\t<\/div>\n\t\t\t\t\t<a class=\"elementor-post__read-more\" href=\"https:\/\/yourvoice.com.pt\/pt-pt\/2022\/05\/23\/oferta-de-emprego-nos\/\" >\n\t\t\t\tMais informa\u00e7\u00f5es \u00bb\t\t\t<\/a>\n\t\t\t\t<\/div>\n\t\t\t\t<div class=\"elementor-post__meta-data\">\n\t\t\t\t\t<span class=\"elementor-post-date\">\n\t\t\t23\/05\/2022\t\t<\/span>\n\t\t\t\t<span class=\"elementor-post-avatar\">\n\t\t\tSem coment\u00e1rios\t\t<\/span>\n\t\t\t\t<\/div>\n\t\t\t\t\t<\/div>\n\t\t<\/article>\n\t\t\t\t<\/div>\n\t\t\t\t<\/div>\n\t\t\t\t<\/div>\n\t\t\t\t\t<\/div>\n\t\t<\/div>\n\t\t\t\t\t\t\t<\/div>\n\t\t<\/section>\n\t\t\t\t<section class=\"elementor-section elementor-top-section elementor-element elementor-element-d6cc43a elementor-section-boxed elementor-section-height-default elementor-section-height-default\" data-id=\"d6cc43a\" data-element_type=\"section\" data-settings=\"{&quot;background_background&quot;:&quot;classic&quot;}\">\n\t\t\t\t\t\t<div class=\"elementor-container elementor-column-gap-default\">\n\t\t\t\t\t<div class=\"elementor-column elementor-col-100 elementor-top-column elementor-element elementor-element-d2d18b6\" data-id=\"d2d18b6\" data-element_type=\"column\">\n\t\t\t<div class=\"elementor-widget-wrap elementor-element-populated\">\n\t\t\t\t\t\t\t\t<section class=\"elementor-section elementor-inner-section elementor-element elementor-element-47e7258 elementor-section-boxed elementor-section-height-default elementor-section-height-default\" data-id=\"47e7258\" data-element_type=\"section\">\n\t\t\t\t\t\t<div class=\"elementor-container elementor-column-gap-default\">\n\t\t\t\t\t<div class=\"elementor-column elementor-col-100 elementor-inner-column elementor-element elementor-element-c2ef02e\" data-id=\"c2ef02e\" data-element_type=\"column\">\n\t\t\t<div class=\"elementor-widget-wrap elementor-element-populated\">\n\t\t\t\t\t\t\t\t<div class=\"elementor-element elementor-element-43a4753 elementor-widget elementor-widget-heading\" data-id=\"43a4753\" data-element_type=\"widget\" data-widget_type=\"heading.default\">\n\t\t\t\t<div class=\"elementor-widget-container\">\n\t\t\t<h2 class=\"elementor-heading-title elementor-size-default\">Comunique de forma mais r\u00e1pida, eficaz e profissional<\/h2>\t\t<\/div>\n\t\t\t\t<\/div>\n\t\t\t\t<div class=\"elementor-element elementor-element-15f66f3 elementor-widget elementor-widget-text-editor\" data-id=\"15f66f3\" data-element_type=\"widget\" data-widget_type=\"text-editor.default\">\n\t\t\t\t<div class=\"elementor-widget-container\">\n\t\t\t\t\t\t\t\tA comunica\u00e7\u00e3o \u00e9 fundamental para criar e manter uma rela\u00e7\u00e3o cont\u00ednua e fidelizada com clientes. Por isso, desenvolvemos solu\u00e7\u00f5es e ferramentas de gest\u00e3o de projetos de contact center \u00e0 medida da sua empresa para ajudar a estreitar a sua liga\u00e7\u00e3o com os seus clientes.\t\t\t\t\t\t<\/div>\n\t\t\t\t<\/div>\n\t\t\t\t<div class=\"elementor-element elementor-element-b534556 elementor-align-center elementor-widget elementor-widget-button\" data-id=\"b534556\" data-element_type=\"widget\" data-widget_type=\"button.default\">\n\t\t\t\t<div class=\"elementor-widget-container\">\n\t\t\t\t\t<div class=\"elementor-button-wrapper\">\n\t\t\t<a href=\"https:\/\/yourvoice.com.pt\/pt-pt\/contactos\/\" class=\"elementor-button-link elementor-button elementor-size-md\" role=\"button\">\n\t\t\t\t\t\t<span class=\"elementor-button-content-wrapper\">\n\t\t\t\t\t\t<span class=\"elementor-button-text\">Solicitar Proposta<\/span>\n\t\t<\/span>\n\t\t\t\t\t<\/a>\n\t\t<\/div>\n\t\t\t\t<\/div>\n\t\t\t\t<\/div>\n\t\t\t\t\t<\/div>\n\t\t<\/div>\n\t\t\t\t\t\t\t<\/div>\n\t\t<\/section>\n\t\t\t\t\t<\/div>\n\t\t<\/div>\n\t\t\t\t\t\t\t<\/div>\n\t\t<\/section>\n\t\t\t\t\t\t<\/div>\n\t\t\t\t\t<\/div>\n\t\t","protected":false},"excerpt":{"rendered":"<p>Ofertas de emprego Os nossos servi\u00e7os s\u00e3o reflexo de uma preocupa\u00e7\u00e3o constante em criar valor para o cliente e em potenciar o seu desempenho no mercado. Primeiro ouvimos para depois criarmos uma parceria sustent\u00e1vel que d\u00e1 as respostas mais r\u00e1pidas e eficazes. Comunique de forma mais r\u00e1pida, eficaz e profissional A comunica\u00e7\u00e3o \u00e9 fundamental para&hellip; <a class=\"more-link\" href=\"https:\/\/yourvoice.com.pt\/pt-pt\/2022\/05\/23\/oferta-de-emprego-nos\/\">Continue a ler <span class=\"screen-reader-text\">Assistente de Call Center &#8211; Planos de Sa\u00fade<\/span><\/a><\/p>\n","protected":false},"author":3,"featured_media":0,"parent":23,"menu_order":0,"comment_status":"closed","ping_status":"closed","template":"elementor_header_footer","meta":[],"yoast_head":"<!-- This site is optimized with the Yoast SEO Premium plugin v16.3 (Yoast SEO v18.4.1) - https:\/\/yoast.com\/wordpress\/plugins\/seo\/ -->\n<title>Servi\u00e7os de Call Center, Helpdesk, Backoffice em Portugal | YOURVOICE<\/title>\n<meta name=\"description\" content=\"Os nossos servi\u00e7os s\u00e3o reflexo de uma preocupa\u00e7\u00e3o constante em criar valor para o cliente e em potenciar o seu desempenho no mercado.\" \/>\n<meta name=\"robots\" content=\"index, follow, max-snippet:-1, max-image-preview:large, max-video-preview:-1\" \/>\n<link rel=\"canonical\" href=\"https:\/\/yourvoice.com.pt\/pt-pt\/recrutamento\/ofertas-de-emprego-2\/\" \/>\n<meta property=\"og:locale\" content=\"pt_PT\" \/>\n<meta property=\"og:type\" content=\"article\" \/>\n<meta property=\"og:title\" content=\"Servi\u00e7os de Call Center, Helpdesk, Backoffice em Portugal | YOURVOICE\" \/>\n<meta property=\"og:description\" content=\"Os nossos servi\u00e7os s\u00e3o reflexo de uma preocupa\u00e7\u00e3o constante em criar valor para o cliente e em potenciar o seu desempenho no mercado.\" \/>\n<meta property=\"og:url\" content=\"https:\/\/yourvoice.com.pt\/pt-pt\/recrutamento\/ofertas-de-emprego-2\/\" \/>\n<meta property=\"og:site_name\" content=\"YourVoice Contact Solution\" \/>\n<meta property=\"article:publisher\" content=\"https:\/\/www.facebook.com\/yourvoiceportugal\/\" \/>\n<meta property=\"article:modified_time\" content=\"2022-05-23T11:59:30+00:00\" \/>\n<meta name=\"twitter:card\" content=\"summary_large_image\" \/>\n<meta name=\"twitter:label1\" content=\"Tempo estimado de leitura\" \/>\n\t<meta name=\"twitter:data1\" content=\"2 minutos\" \/>\n<script type=\"application\/ld+json\" class=\"yoast-schema-graph\">{\"@context\":\"https:\/\/schema.org\",\"@graph\":[{\"@type\":\"Organization\",\"@id\":\"https:\/\/yourvoice.com.pt\/pt-pt\/#organization\",\"name\":\"YOURVOICE Contact Solutions\",\"url\":\"https:\/\/yourvoice.com.pt\/pt-pt\/\",\"sameAs\":[\"https:\/\/www.facebook.com\/yourvoiceportugal\/\",\"https:\/\/www.instagram.com\/yourvoice_pt\/\",\"https:\/\/www.linkedin.com\/company\/yourvoice\/\"],\"logo\":{\"@type\":\"ImageObject\",\"@id\":\"https:\/\/yourvoice.com.pt\/pt-pt\/#logo\",\"inLanguage\":\"pt-PT\",\"url\":\"https:\/\/yourvoice.com.pt\/wp-content\/uploads\/2021\/07\/yv-logo-color.png\",\"contentUrl\":\"https:\/\/yourvoice.com.pt\/wp-content\/uploads\/2021\/07\/yv-logo-color.png\",\"width\":320,\"height\":82,\"caption\":\"YOURVOICE Contact Solutions\"},\"image\":{\"@id\":\"https:\/\/yourvoice.com.pt\/pt-pt\/#logo\"}},{\"@type\":\"WebSite\",\"@id\":\"https:\/\/yourvoice.com.pt\/pt-pt\/#website\",\"url\":\"https:\/\/yourvoice.com.pt\/pt-pt\/\",\"name\":\"YourVoice Contact Solution\",\"description\":\"Solu\u00e7\u00f5es de Call Center, Telemarketing e Teleperformance\",\"publisher\":{\"@id\":\"https:\/\/yourvoice.com.pt\/pt-pt\/#organization\"},\"potentialAction\":[{\"@type\":\"SearchAction\",\"target\":{\"@type\":\"EntryPoint\",\"urlTemplate\":\"https:\/\/yourvoice.com.pt\/pt-pt\/?s={search_term_string}\"},\"query-input\":\"required name=search_term_string\"}],\"inLanguage\":\"pt-PT\"},{\"@type\":\"WebPage\",\"@id\":\"https:\/\/yourvoice.com.pt\/pt-pt\/recrutamento\/ofertas-de-emprego-2\/#webpage\",\"url\":\"https:\/\/yourvoice.com.pt\/pt-pt\/recrutamento\/ofertas-de-emprego-2\/\",\"name\":\"Servi\u00e7os de Call Center, Helpdesk, Backoffice em Portugal | YOURVOICE\",\"isPartOf\":{\"@id\":\"https:\/\/yourvoice.com.pt\/pt-pt\/#website\"},\"datePublished\":\"2022-05-23T10:31:46+00:00\",\"dateModified\":\"2022-05-23T11:59:30+00:00\",\"description\":\"Os nossos servi\u00e7os s\u00e3o reflexo de uma preocupa\u00e7\u00e3o constante em criar valor para o cliente e em potenciar o seu desempenho no mercado.\",\"breadcrumb\":{\"@id\":\"https:\/\/yourvoice.com.pt\/pt-pt\/recrutamento\/ofertas-de-emprego-2\/#breadcrumb\"},\"inLanguage\":\"pt-PT\",\"potentialAction\":[{\"@type\":\"ReadAction\",\"target\":[\"https:\/\/yourvoice.com.pt\/pt-pt\/recrutamento\/ofertas-de-emprego-2\/\"]}]},{\"@type\":\"BreadcrumbList\",\"@id\":\"https:\/\/yourvoice.com.pt\/pt-pt\/recrutamento\/ofertas-de-emprego-2\/#breadcrumb\",\"itemListElement\":[{\"@type\":\"ListItem\",\"position\":1,\"name\":\"Home\",\"item\":\"https:\/\/yourvoice.com.pt\/pt-pt\/\"},{\"@type\":\"ListItem\",\"position\":2,\"name\":\"Recrutamento\",\"item\":\"https:\/\/yourvoice.com.pt\/pt-pt\/recrutamento\/\"},{\"@type\":\"ListItem\",\"position\":3,\"name\":\"Ofertas de Emprego\"}]}]}<\/script>\n<!-- \/ Yoast SEO Premium plugin. -->","yoast_head_json":{"title":"Servi\u00e7os de Call Center, Helpdesk, Backoffice em Portugal | YOURVOICE","description":"Os nossos servi\u00e7os s\u00e3o reflexo de uma preocupa\u00e7\u00e3o constante em criar valor para o cliente e em potenciar o seu desempenho no mercado.","robots":{"index":"index","follow":"follow","max-snippet":"max-snippet:-1","max-image-preview":"max-image-preview:large","max-video-preview":"max-video-preview:-1"},"canonical":"https:\/\/yourvoice.com.pt\/pt-pt\/recrutamento\/ofertas-de-emprego-2\/","og_locale":"pt_PT","og_type":"article","og_title":"Servi\u00e7os de Call Center, Helpdesk, Backoffice em Portugal | YOURVOICE","og_description":"Os nossos servi\u00e7os s\u00e3o reflexo de uma preocupa\u00e7\u00e3o constante em criar valor para o cliente e em potenciar o seu desempenho no mercado.","og_url":"https:\/\/yourvoice.com.pt\/pt-pt\/recrutamento\/ofertas-de-emprego-2\/","og_site_name":"YourVoice Contact Solution","article_publisher":"https:\/\/www.facebook.com\/yourvoiceportugal\/","article_modified_time":"2022-05-23T11:59:30+00:00","twitter_card":"summary_large_image","twitter_misc":{"Tempo estimado de leitura":"2 minutos"},"schema":{"@context":"https:\/\/schema.org","@graph":[{"@type":"Organization","@id":"https:\/\/yourvoice.com.pt\/pt-pt\/#organization","name":"YOURVOICE Contact Solutions","url":"https:\/\/yourvoice.com.pt\/pt-pt\/","sameAs":["https:\/\/www.facebook.com\/yourvoiceportugal\/","https:\/\/www.instagram.com\/yourvoice_pt\/","https:\/\/www.linkedin.com\/company\/yourvoice\/"],"logo":{"@type":"ImageObject","@id":"https:\/\/yourvoice.com.pt\/pt-pt\/#logo","inLanguage":"pt-PT","url":"https:\/\/yourvoice.com.pt\/wp-content\/uploads\/2021\/07\/yv-logo-color.png","contentUrl":"https:\/\/yourvoice.com.pt\/wp-content\/uploads\/2021\/07\/yv-logo-color.png","width":320,"height":82,"caption":"YOURVOICE Contact Solutions"},"image":{"@id":"https:\/\/yourvoice.com.pt\/pt-pt\/#logo"}},{"@type":"WebSite","@id":"https:\/\/yourvoice.com.pt\/pt-pt\/#website","url":"https:\/\/yourvoice.com.pt\/pt-pt\/","name":"YourVoice Contact Solution","description":"Solu\u00e7\u00f5es de Call Center, Telemarketing e Teleperformance","publisher":{"@id":"https:\/\/yourvoice.com.pt\/pt-pt\/#organization"},"potentialAction":[{"@type":"SearchAction","target":{"@type":"EntryPoint","urlTemplate":"https:\/\/yourvoice.com.pt\/pt-pt\/?s={search_term_string}"},"query-input":"required name=search_term_string"}],"inLanguage":"pt-PT"},{"@type":"WebPage","@id":"https:\/\/yourvoice.com.pt\/pt-pt\/recrutamento\/ofertas-de-emprego-2\/#webpage","url":"https:\/\/yourvoice.com.pt\/pt-pt\/recrutamento\/ofertas-de-emprego-2\/","name":"Servi\u00e7os de Call Center, Helpdesk, Backoffice em Portugal | YOURVOICE","isPartOf":{"@id":"https:\/\/yourvoice.com.pt\/pt-pt\/#website"},"datePublished":"2022-05-23T10:31:46+00:00","dateModified":"2022-05-23T11:59:30+00:00","description":"Os nossos servi\u00e7os s\u00e3o reflexo de uma preocupa\u00e7\u00e3o constante em criar valor para o cliente e em potenciar o seu desempenho no mercado.","breadcrumb":{"@id":"https:\/\/yourvoice.com.pt\/pt-pt\/recrutamento\/ofertas-de-emprego-2\/#breadcrumb"},"inLanguage":"pt-PT","potentialAction":[{"@type":"ReadAction","target":["https:\/\/yourvoice.com.pt\/pt-pt\/recrutamento\/ofertas-de-emprego-2\/"]}]},{"@type":"BreadcrumbList","@id":"https:\/\/yourvoice.com.pt\/pt-pt\/recrutamento\/ofertas-de-emprego-2\/#breadcrumb","itemListElement":[{"@type":"ListItem","position":1,"name":"Home","item":"https:\/\/yourvoice.com.pt\/pt-pt\/"},{"@type":"ListItem","position":2,"name":"Recrutamento","item":"https:\/\/yourvoice.com.pt\/pt-pt\/recrutamento\/"},{"@type":"ListItem","position":3,"name":"Ofertas de Emprego"}]}]}},"_links":{"self":[{"href":"https:\/\/yourvoice.com.pt\/pt-pt\/wp-json\/wp\/v2\/pages\/1578"}],"collection":[{"href":"https:\/\/yourvoice.com.pt\/pt-pt\/wp-json\/wp\/v2\/pages"}],"about":[{"href":"https:\/\/yourvoice.com.pt\/pt-pt\/wp-json\/wp\/v2\/types\/page"}],"author":[{"embeddable":true,"href":"https:\/\/yourvoice.com.pt\/pt-pt\/wp-json\/wp\/v2\/users\/3"}],"replies":[{"embeddable":true,"href":"https:\/\/yourvoice.com.pt\/pt-pt\/wp-json\/wp\/v2\/comments?post=1578"}],"version-history":[{"count":32,"href":"https:\/\/yourvoice.com.pt\/pt-pt\/wp-json\/wp\/v2\/pages\/1578\/revisions"}],"predecessor-version":[{"id":1647,"href":"https:\/\/yourvoice.com.pt\/pt-pt\/wp-json\/wp\/v2\/pages\/1578\/revisions\/1647"}],"up":[{"embeddable":true,"href":"https:\/\/yourvoice.com.pt\/pt-pt\/wp-json\/wp\/v2\/pages\/23"}],"wp:attachment":[{"href":"https:\/\/yourvoice.com.pt\/pt-pt\/wp-json\/wp\/v2\/media?parent=1578"}],"curies":[{"name":"wp","href":"https:\/\/api.w.org\/{rel}","templated":true}]}}