{"id":1441,"date":"2021-11-11T21:39:03","date_gmt":"2021-11-11T20:39:03","guid":{"rendered":"https:\/\/yourvoice.com.pt\/contacts\/"},"modified":"2021-11-11T22:02:11","modified_gmt":"2021-11-11T21:02:11","slug":"contacts","status":"publish","type":"page","link":"https:\/\/yourvoice.com.pt\/fr\/contacts\/","title":{"rendered":"Contacts"},"content":{"rendered":"\t\t<div data-elementor-type=\"wp-page\" data-elementor-id=\"1441\" class=\"elementor elementor-1441 elementor-17\" data-elementor-settings=\"[]\">\n\t\t\t\t\t\t\t<div class=\"elementor-section-wrap\">\n\t\t\t\t\t\t\t<section class=\"elementor-section elementor-top-section elementor-element elementor-element-0b6c81a elementor-section-full_width elementor-section-height-min-height elementor-section-content-bottom elementor-section-height-default elementor-section-items-middle\" data-id=\"0b6c81a\" data-element_type=\"section\" data-settings=\"{&quot;background_background&quot;:&quot;classic&quot;}\">\n\t\t\t\t\t\t<div class=\"elementor-container elementor-column-gap-default\">\n\t\t\t\t\t<div class=\"elementor-column elementor-col-100 elementor-top-column elementor-element elementor-element-9e3a758\" data-id=\"9e3a758\" data-element_type=\"column\">\n\t\t\t<div class=\"elementor-widget-wrap elementor-element-populated\">\n\t\t\t\t\t\t\t\t<section class=\"elementor-section elementor-inner-section elementor-element elementor-element-82481a7 elementor-section-boxed elementor-section-height-default elementor-section-height-default\" data-id=\"82481a7\" data-element_type=\"section\">\n\t\t\t\t\t\t<div class=\"elementor-container elementor-column-gap-default\">\n\t\t\t\t\t<div class=\"elementor-column elementor-col-50 elementor-inner-column elementor-element elementor-element-2892db4\" data-id=\"2892db4\" data-element_type=\"column\">\n\t\t\t<div class=\"elementor-widget-wrap elementor-element-populated\">\n\t\t\t\t\t\t\t\t<div class=\"elementor-element elementor-element-57ef572 elementor-widget elementor-widget-heading\" data-id=\"57ef572\" data-element_type=\"widget\" data-widget_type=\"heading.default\">\n\t\t\t\t<div class=\"elementor-widget-container\">\n\t\t\t<h1 class=\"elementor-heading-title elementor-size-default\">Contacts<\/h1>\t\t<\/div>\n\t\t\t\t<\/div>\n\t\t\t\t<div class=\"elementor-element elementor-element-ce80343 elementor-widget elementor-widget-text-editor\" data-id=\"ce80343\" data-element_type=\"widget\" data-widget_type=\"text-editor.default\">\n\t\t\t\t<div class=\"elementor-widget-container\">\n\t\t\t\t\t\t\t\t<p>La communication est le point de d\u00e9part d&rsquo;un partenariat long et sain que nous cherchons \u00e0<br \/>cr\u00e9er et \u00e0 maintenir avec nos clients. Avant tout, nous voulons \u00eatre \u00e0 vos c\u00f4t\u00e9s<br \/>et contribuer \u00e0 votre r\u00e9ussite.<\/p>\n\t\t\t\t\t\t<\/div>\n\t\t\t\t<\/div>\n\t\t\t\t\t<\/div>\n\t\t<\/div>\n\t\t\t\t<div class=\"elementor-column elementor-col-50 elementor-inner-column elementor-element elementor-element-06d75d3\" data-id=\"06d75d3\" data-element_type=\"column\">\n\t\t\t<div class=\"elementor-widget-wrap\">\n\t\t\t\t\t\t\t\t\t<\/div>\n\t\t<\/div>\n\t\t\t\t\t\t\t<\/div>\n\t\t<\/section>\n\t\t\t\t\t<\/div>\n\t\t<\/div>\n\t\t\t\t\t\t\t<\/div>\n\t\t<\/section>\n\t\t\t\t<section class=\"elementor-section elementor-top-section elementor-element elementor-element-59378af elementor-section-full_width elementor-section-content-middle elementor-section-height-default elementor-section-height-default\" data-id=\"59378af\" data-element_type=\"section\" data-settings=\"{&quot;background_background&quot;:&quot;classic&quot;}\">\n\t\t\t\t\t\t<div class=\"elementor-container elementor-column-gap-no\">\n\t\t\t\t\t<div class=\"elementor-column elementor-col-50 elementor-top-column elementor-element elementor-element-64793ec\" data-id=\"64793ec\" data-element_type=\"column\">\n\t\t\t<div class=\"elementor-widget-wrap elementor-element-populated\">\n\t\t\t\t\t\t\t\t<div class=\"elementor-element elementor-element-818ae63 elementor-widget__width-auto elementor-absolute elementor-widget elementor-widget-image\" data-id=\"818ae63\" data-element_type=\"widget\" data-settings=\"{&quot;motion_fx_motion_fx_scrolling&quot;:&quot;yes&quot;,&quot;motion_fx_translateY_effect&quot;:&quot;yes&quot;,&quot;_position&quot;:&quot;absolute&quot;,&quot;motion_fx_translateY_speed&quot;:{&quot;unit&quot;:&quot;px&quot;,&quot;size&quot;:4,&quot;sizes&quot;:[]},&quot;motion_fx_translateY_affectedRange&quot;:{&quot;unit&quot;:&quot;%&quot;,&quot;size&quot;:&quot;&quot;,&quot;sizes&quot;:{&quot;start&quot;:0,&quot;end&quot;:100}},&quot;motion_fx_devices&quot;:[&quot;desktop&quot;,&quot;tablet&quot;,&quot;mobile&quot;]}\" data-widget_type=\"image.default\">\n\t\t\t\t<div class=\"elementor-widget-container\">\n\t\t\t\t\t\t\t\t\t\t\t\t\t\t\t<img src=\"https:\/\/yourvoice.com.pt\/wp-content\/uploads\/2021\/07\/square-normal.png\" title=\"square-normal\" alt=\"square-normal\" \/>\t\t\t\t\t\t\t\t\t\t\t\t\t\t\t<\/div>\n\t\t\t\t<\/div>\n\t\t\t\t<section class=\"elementor-section elementor-inner-section elementor-element elementor-element-c117535 elementor-section-full_width elementor-section-height-full elementor-section-content-middle elementor-section-height-default\" data-id=\"c117535\" data-element_type=\"section\">\n\t\t\t\t\t\t<div class=\"elementor-container elementor-column-gap-no\">\n\t\t\t\t\t<div class=\"elementor-column elementor-col-100 elementor-inner-column elementor-element elementor-element-9fd43b7\" data-id=\"9fd43b7\" data-element_type=\"column\">\n\t\t\t<div class=\"elementor-widget-wrap elementor-element-populated\">\n\t\t\t\t\t\t\t\t<div class=\"elementor-element elementor-element-0e50ee3 elementor-widget elementor-widget-google_maps\" data-id=\"0e50ee3\" data-element_type=\"widget\" data-widget_type=\"google_maps.default\">\n\t\t\t\t<div class=\"elementor-widget-container\">\n\t\t\t\t\t<div class=\"elementor-custom-embed\">\n\t\t\t<iframe frameborder=\"0\" scrolling=\"no\" marginheight=\"0\" marginwidth=\"0\" src=\"https:\/\/maps.google.com\/maps?q=YOURVOICE&amp;t=m&amp;z=10&amp;output=embed&amp;iwloc=near\" title=\"%3$s\" aria-label=\"%3$s\"><\/iframe>\n\t\t<\/div>\n\t\t\t\t<\/div>\n\t\t\t\t<\/div>\n\t\t\t\t\t<\/div>\n\t\t<\/div>\n\t\t\t\t\t\t\t<\/div>\n\t\t<\/section>\n\t\t\t\t\t<\/div>\n\t\t<\/div>\n\t\t\t\t<div class=\"elementor-column elementor-col-50 elementor-top-column elementor-element elementor-element-64865d6\" data-id=\"64865d6\" data-element_type=\"column\">\n\t\t\t<div class=\"elementor-widget-wrap elementor-element-populated\">\n\t\t\t\t\t\t\t\t<section class=\"elementor-section elementor-inner-section elementor-element elementor-element-14cb076 elementor-section-content-middle elementor-section-boxed elementor-section-height-default elementor-section-height-default\" data-id=\"14cb076\" data-element_type=\"section\">\n\t\t\t\t\t\t<div class=\"elementor-container elementor-column-gap-default\">\n\t\t\t\t\t<div class=\"elementor-column elementor-col-100 elementor-inner-column elementor-element elementor-element-0e0da9b\" data-id=\"0e0da9b\" data-element_type=\"column\">\n\t\t\t<div class=\"elementor-widget-wrap elementor-element-populated\">\n\t\t\t\t\t\t\t\t<div class=\"elementor-element elementor-element-31b8fcf elementor-widget elementor-widget-html\" data-id=\"31b8fcf\" data-element_type=\"widget\" data-widget_type=\"html.default\">\n\t\t\t\t<div class=\"elementor-widget-container\">\n\t\t\t<div role=\"form\" class=\"wpcf7\" id=\"wpcf7-f1451-o1\" lang=\"pt-PT\" dir=\"ltr\">\n<div class=\"screen-reader-response\"><p role=\"status\" aria-live=\"polite\" aria-atomic=\"true\"><\/p> <ul><\/ul><\/div>\n<form action=\"\/fr\/wp-json\/wp\/v2\/pages\/1441#wpcf7-f1451-o1\" method=\"post\" class=\"wpcf7-form init\" novalidate=\"novalidate\" data-status=\"init\">\n<div style=\"display: none;\">\n<input type=\"hidden\" name=\"_wpcf7\" value=\"1451\" \/>\n<input type=\"hidden\" name=\"_wpcf7_version\" value=\"5.5.6\" \/>\n<input type=\"hidden\" name=\"_wpcf7_locale\" value=\"pt_PT\" \/>\n<input type=\"hidden\" name=\"_wpcf7_unit_tag\" value=\"wpcf7-f1451-o1\" \/>\n<input type=\"hidden\" name=\"_wpcf7_container_post\" value=\"0\" \/>\n<input type=\"hidden\" name=\"_wpcf7_posted_data_hash\" value=\"\" \/>\n<\/div>\n<div class=\"yv-form recrutamento\">\n<h5 class=\"title\">Contactez-nous pour recevoir une proposition<\/h5>\n<p>Nous sommes de ce c\u00f4t\u00e9-ci disponibles pour \u00e9couter et comprendre les objectifs de votre entreprise.<\/p>\n<ul>\n<li class=\"li-col-2\"><span class=\"wpcf7-form-control-wrap your-name\"><input type=\"text\" name=\"your-name\" value=\"\" size=\"40\" class=\"wpcf7-form-control wpcf7-text wpcf7-validates-as-required\" aria-required=\"true\" aria-invalid=\"false\" placeholder=\"Nom\" \/><\/span><\/li>\n<li class=\"li-col-2\"><span class=\"wpcf7-form-control-wrap your-email\"><input type=\"email\" name=\"your-email\" value=\"\" size=\"40\" class=\"wpcf7-form-control wpcf7-text wpcf7-email wpcf7-validates-as-required wpcf7-validates-as-email\" aria-required=\"true\" aria-invalid=\"false\" placeholder=\"Email\" \/><\/span><\/li>\n<li class=\"li-col-2\"><span class=\"wpcf7-form-control-wrap your-phone\"><input type=\"tel\" name=\"your-phone\" value=\"\" size=\"40\" class=\"wpcf7-form-control wpcf7-text wpcf7-tel wpcf7-validates-as-required wpcf7-validates-as-tel\" aria-required=\"true\" aria-invalid=\"false\" placeholder=\"T\u00e9l\u00e9phone\" \/><\/span><\/li>\n<li class=\"li-col-2\"><span class=\"wpcf7-form-control-wrap your-company\"><input type=\"text\" name=\"your-company\" value=\"\" size=\"40\" class=\"wpcf7-form-control wpcf7-text wpcf7-validates-as-required\" aria-required=\"true\" aria-invalid=\"false\" placeholder=\"Compagnie\" \/><\/span><\/li>\n<li><span class=\"wpcf7-form-control-wrap textarea-261\"><textarea name=\"textarea-261\" cols=\"40\" rows=\"3\" class=\"wpcf7-form-control wpcf7-textarea\" aria-invalid=\"false\" placeholder=\"Message\"><\/textarea><\/span><\/li>\n<\/ul>\n<p><b>Veuillez indiquer les services pour lesquels vous souhaitez recevoir un devis.<\/b><\/p>\n<ul class=\"form-ul-checkboxes\">\n<li><\/li>\n<\/ul>\n<hr>\n<div class=\"btn-wrapper\">\n<input type=\"submit\" value=\"Demandez un devis gratuit\" class=\"wpcf7-form-control has-spinner wpcf7-submit\" \/>\n<\/div>\n<\/div>\n<div class=\"wpcf7-response-output\" aria-hidden=\"true\"><\/div><\/form><\/div>\t\t<\/div>\n\t\t\t\t<\/div>\n\t\t\t\t\t<\/div>\n\t\t<\/div>\n\t\t\t\t\t\t\t<\/div>\n\t\t<\/section>\n\t\t\t\t\t<\/div>\n\t\t<\/div>\n\t\t\t\t\t\t\t<\/div>\n\t\t<\/section>\n\t\t\t\t\t\t<\/div>\n\t\t\t\t\t<\/div>\n\t\t","protected":false},"excerpt":{"rendered":"<p>Contacts La communication est le point de d\u00e9part d&rsquo;un partenariat long et sain que nous cherchons \u00e0cr\u00e9er et \u00e0 maintenir avec nos clients. Avant tout, nous voulons \u00eatre \u00e0 vos c\u00f4t\u00e9set contribuer \u00e0 votre r\u00e9ussite.<\/p>\n","protected":false},"author":1,"featured_media":0,"parent":0,"menu_order":0,"comment_status":"closed","ping_status":"closed","template":"elementor_header_footer","meta":[],"yoast_head":"<!-- This site is optimized with the Yoast SEO Premium plugin v16.3 (Yoast SEO v18.4.1) - https:\/\/yoast.com\/wordpress\/plugins\/seo\/ -->\n<title>Contactez nous et obtenez un devis gratuit| YOURVOICE<\/title>\n<meta name=\"description\" content=\"La communication est le point de d\u00e9part d&#039;un partenariat long et sain que nous cherchons \u00e0 cr\u00e9er et \u00e0 maintenir avec nos clients.\" \/>\n<meta name=\"robots\" content=\"index, follow, max-snippet:-1, max-image-preview:large, max-video-preview:-1\" \/>\n<link rel=\"canonical\" href=\"https:\/\/yourvoice.com.pt\/fr\/contacts\/\" \/>\n<meta property=\"og:locale\" content=\"fr_FR\" \/>\n<meta property=\"og:type\" content=\"article\" \/>\n<meta property=\"og:title\" content=\"Contactez nous et obtenez un devis gratuit| YOURVOICE\" \/>\n<meta property=\"og:description\" content=\"La communication est le point de d\u00e9part d&#039;un partenariat long et sain que nous cherchons \u00e0 cr\u00e9er et \u00e0 maintenir avec nos clients.\" \/>\n<meta property=\"og:url\" content=\"https:\/\/yourvoice.com.pt\/fr\/contacts\/\" \/>\n<meta property=\"og:site_name\" content=\"YourVoice Contact Solution\" \/>\n<meta property=\"article:publisher\" content=\"https:\/\/www.facebook.com\/yourvoiceportugal\/\" \/>\n<meta property=\"article:modified_time\" content=\"2021-11-11T21:02:11+00:00\" \/>\n<meta property=\"og:image\" content=\"https:\/\/yourvoice.com.pt\/wp-content\/uploads\/2021\/07\/header-banner-clientes.jpg\" \/>\n<meta name=\"twitter:card\" content=\"summary_large_image\" \/>\n<script type=\"application\/ld+json\" class=\"yoast-schema-graph\">{\"@context\":\"https:\/\/schema.org\",\"@graph\":[{\"@type\":\"Organization\",\"@id\":\"https:\/\/yourvoice.com.pt\/pt-pt\/#organization\",\"name\":\"YOURVOICE Contact Solutions\",\"url\":\"https:\/\/yourvoice.com.pt\/pt-pt\/\",\"sameAs\":[\"https:\/\/www.facebook.com\/yourvoiceportugal\/\",\"https:\/\/www.instagram.com\/yourvoice_pt\/\",\"https:\/\/www.linkedin.com\/company\/yourvoice\/\"],\"logo\":{\"@type\":\"ImageObject\",\"@id\":\"https:\/\/yourvoice.com.pt\/pt-pt\/#logo\",\"inLanguage\":\"fr-FR\",\"url\":\"https:\/\/yourvoice.com.pt\/wp-content\/uploads\/2021\/07\/yv-logo-color.png\",\"contentUrl\":\"https:\/\/yourvoice.com.pt\/wp-content\/uploads\/2021\/07\/yv-logo-color.png\",\"width\":320,\"height\":82,\"caption\":\"YOURVOICE Contact Solutions\"},\"image\":{\"@id\":\"https:\/\/yourvoice.com.pt\/pt-pt\/#logo\"}},{\"@type\":\"WebSite\",\"@id\":\"https:\/\/yourvoice.com.pt\/pt-pt\/#website\",\"url\":\"https:\/\/yourvoice.com.pt\/pt-pt\/\",\"name\":\"YourVoice Contact Solution\",\"description\":\"Solu\u00e7\u00f5es de Call Center, Telemarketing e Teleperformance\",\"publisher\":{\"@id\":\"https:\/\/yourvoice.com.pt\/pt-pt\/#organization\"},\"potentialAction\":[{\"@type\":\"SearchAction\",\"target\":{\"@type\":\"EntryPoint\",\"urlTemplate\":\"https:\/\/yourvoice.com.pt\/pt-pt\/?s={search_term_string}\"},\"query-input\":\"required name=search_term_string\"}],\"inLanguage\":\"fr-FR\"},{\"@type\":\"ImageObject\",\"@id\":\"https:\/\/yourvoice.com.pt\/fr\/contacts\/#primaryimage\",\"inLanguage\":\"fr-FR\",\"url\":\"\",\"contentUrl\":\"\"},{\"@type\":\"WebPage\",\"@id\":\"https:\/\/yourvoice.com.pt\/fr\/contacts\/#webpage\",\"url\":\"https:\/\/yourvoice.com.pt\/fr\/contacts\/\",\"name\":\"Contactez nous et obtenez un devis gratuit| YOURVOICE\",\"isPartOf\":{\"@id\":\"https:\/\/yourvoice.com.pt\/pt-pt\/#website\"},\"primaryImageOfPage\":{\"@id\":\"https:\/\/yourvoice.com.pt\/fr\/contacts\/#primaryimage\"},\"datePublished\":\"2021-11-11T20:39:03+00:00\",\"dateModified\":\"2021-11-11T21:02:11+00:00\",\"description\":\"La communication est le point de d\u00e9part d'un partenariat long et sain que nous cherchons \u00e0 cr\u00e9er et \u00e0 maintenir avec nos clients.\",\"breadcrumb\":{\"@id\":\"https:\/\/yourvoice.com.pt\/fr\/contacts\/#breadcrumb\"},\"inLanguage\":\"fr-FR\",\"potentialAction\":[{\"@type\":\"ReadAction\",\"target\":[\"https:\/\/yourvoice.com.pt\/fr\/contacts\/\"]}]},{\"@type\":\"BreadcrumbList\",\"@id\":\"https:\/\/yourvoice.com.pt\/fr\/contacts\/#breadcrumb\",\"itemListElement\":[{\"@type\":\"ListItem\",\"position\":1,\"name\":\"Home\",\"item\":\"https:\/\/yourvoice.com.pt\/fr\/\"},{\"@type\":\"ListItem\",\"position\":2,\"name\":\"Contacts\"}]}]}<\/script>\n<!-- \/ Yoast SEO Premium plugin. -->","yoast_head_json":{"title":"Contactez nous et obtenez un devis gratuit| YOURVOICE","description":"La communication est le point de d\u00e9part d'un partenariat long et sain que nous cherchons \u00e0 cr\u00e9er et \u00e0 maintenir avec nos clients.","robots":{"index":"index","follow":"follow","max-snippet":"max-snippet:-1","max-image-preview":"max-image-preview:large","max-video-preview":"max-video-preview:-1"},"canonical":"https:\/\/yourvoice.com.pt\/fr\/contacts\/","og_locale":"fr_FR","og_type":"article","og_title":"Contactez nous et obtenez un devis gratuit| YOURVOICE","og_description":"La communication est le point de d\u00e9part d'un partenariat long et sain que nous cherchons \u00e0 cr\u00e9er et \u00e0 maintenir avec nos clients.","og_url":"https:\/\/yourvoice.com.pt\/fr\/contacts\/","og_site_name":"YourVoice Contact Solution","article_publisher":"https:\/\/www.facebook.com\/yourvoiceportugal\/","article_modified_time":"2021-11-11T21:02:11+00:00","og_image":[{"url":"https:\/\/yourvoice.com.pt\/wp-content\/uploads\/2021\/07\/header-banner-clientes.jpg"}],"twitter_card":"summary_large_image","schema":{"@context":"https:\/\/schema.org","@graph":[{"@type":"Organization","@id":"https:\/\/yourvoice.com.pt\/pt-pt\/#organization","name":"YOURVOICE Contact Solutions","url":"https:\/\/yourvoice.com.pt\/pt-pt\/","sameAs":["https:\/\/www.facebook.com\/yourvoiceportugal\/","https:\/\/www.instagram.com\/yourvoice_pt\/","https:\/\/www.linkedin.com\/company\/yourvoice\/"],"logo":{"@type":"ImageObject","@id":"https:\/\/yourvoice.com.pt\/pt-pt\/#logo","inLanguage":"fr-FR","url":"https:\/\/yourvoice.com.pt\/wp-content\/uploads\/2021\/07\/yv-logo-color.png","contentUrl":"https:\/\/yourvoice.com.pt\/wp-content\/uploads\/2021\/07\/yv-logo-color.png","width":320,"height":82,"caption":"YOURVOICE Contact Solutions"},"image":{"@id":"https:\/\/yourvoice.com.pt\/pt-pt\/#logo"}},{"@type":"WebSite","@id":"https:\/\/yourvoice.com.pt\/pt-pt\/#website","url":"https:\/\/yourvoice.com.pt\/pt-pt\/","name":"YourVoice Contact Solution","description":"Solu\u00e7\u00f5es de Call Center, Telemarketing e Teleperformance","publisher":{"@id":"https:\/\/yourvoice.com.pt\/pt-pt\/#organization"},"potentialAction":[{"@type":"SearchAction","target":{"@type":"EntryPoint","urlTemplate":"https:\/\/yourvoice.com.pt\/pt-pt\/?s={search_term_string}"},"query-input":"required name=search_term_string"}],"inLanguage":"fr-FR"},{"@type":"ImageObject","@id":"https:\/\/yourvoice.com.pt\/fr\/contacts\/#primaryimage","inLanguage":"fr-FR","url":"","contentUrl":""},{"@type":"WebPage","@id":"https:\/\/yourvoice.com.pt\/fr\/contacts\/#webpage","url":"https:\/\/yourvoice.com.pt\/fr\/contacts\/","name":"Contactez nous et obtenez un devis gratuit| YOURVOICE","isPartOf":{"@id":"https:\/\/yourvoice.com.pt\/pt-pt\/#website"},"primaryImageOfPage":{"@id":"https:\/\/yourvoice.com.pt\/fr\/contacts\/#primaryimage"},"datePublished":"2021-11-11T20:39:03+00:00","dateModified":"2021-11-11T21:02:11+00:00","description":"La communication est le point de d\u00e9part d'un partenariat long et sain que nous cherchons \u00e0 cr\u00e9er et \u00e0 maintenir avec nos clients.","breadcrumb":{"@id":"https:\/\/yourvoice.com.pt\/fr\/contacts\/#breadcrumb"},"inLanguage":"fr-FR","potentialAction":[{"@type":"ReadAction","target":["https:\/\/yourvoice.com.pt\/fr\/contacts\/"]}]},{"@type":"BreadcrumbList","@id":"https:\/\/yourvoice.com.pt\/fr\/contacts\/#breadcrumb","itemListElement":[{"@type":"ListItem","position":1,"name":"Home","item":"https:\/\/yourvoice.com.pt\/fr\/"},{"@type":"ListItem","position":2,"name":"Contacts"}]}]}},"_links":{"self":[{"href":"https:\/\/yourvoice.com.pt\/fr\/wp-json\/wp\/v2\/pages\/1441"}],"collection":[{"href":"https:\/\/yourvoice.com.pt\/fr\/wp-json\/wp\/v2\/pages"}],"about":[{"href":"https:\/\/yourvoice.com.pt\/fr\/wp-json\/wp\/v2\/types\/page"}],"author":[{"embeddable":true,"href":"https:\/\/yourvoice.com.pt\/fr\/wp-json\/wp\/v2\/users\/1"}],"replies":[{"embeddable":true,"href":"https:\/\/yourvoice.com.pt\/fr\/wp-json\/wp\/v2\/comments?post=1441"}],"version-history":[{"count":3,"href":"https:\/\/yourvoice.com.pt\/fr\/wp-json\/wp\/v2\/pages\/1441\/revisions"}],"predecessor-version":[{"id":1459,"href":"https:\/\/yourvoice.com.pt\/fr\/wp-json\/wp\/v2\/pages\/1441\/revisions\/1459"}],"wp:attachment":[{"href":"https:\/\/yourvoice.com.pt\/fr\/wp-json\/wp\/v2\/media?parent=1441"}],"curies":[{"name":"wp","href":"https:\/\/api.w.org\/{rel}","templated":true}]}}